{"id":565,"date":"2024-02-09T10:51:12","date_gmt":"2024-02-09T10:51:12","guid":{"rendered":"https:\/\/startersites.io\/elementor\/smile-dent\/?page_id=565"},"modified":"2026-03-10T15:17:52","modified_gmt":"2026-03-10T18:17:52","slug":"home-2","status":"publish","type":"page","link":"https:\/\/camarameridiano.sp.gov.br\/site\/","title":{"rendered":"Home"},"content":{"rendered":"\t\t<div data-elementor-type=\"wp-page\" data-elementor-id=\"565\" class=\"elementor elementor-565\" data-elementor-post-type=\"page\">\n\t\t\t\t<div class=\"elementor-element elementor-element-94880d6 e-flex e-con-boxed e-con e-parent\" data-id=\"94880d6\" data-element_type=\"container\" data-e-type=\"container\">\n\t\t\t\t\t<div class=\"e-con-inner\">\n\t\t\t\t\t<\/div>\n\t\t\t\t<\/div>\n\t\t<div class=\"elementor-element elementor-element-cfbeca9 e-flex e-con-boxed e-con e-parent\" data-id=\"cfbeca9\" data-element_type=\"container\" data-e-type=\"container\">\n\t\t\t\t\t<div class=\"e-con-inner\">\n\t\t\t\t<div class=\"elementor-element elementor-element-1cabd25 elementor-widget elementor-widget-heading\" data-id=\"1cabd25\" data-element_type=\"widget\" data-e-type=\"widget\" data-widget_type=\"heading.default\">\n\t\t\t\t<div class=\"elementor-widget-container\">\n\t\t\t\t\t<h2 class=\"elementor-heading-title elementor-size-default\">\u00daltimas Not\u00edcias<\/h2>\t\t\t\t<\/div>\n\t\t\t\t<\/div>\n\t\t\t\t<div class=\"elementor-element elementor-element-2182414 elementor-grid-3 elementor-grid-tablet-2 elementor-grid-mobile-1 elementor-posts--thumbnail-top elementor-card-shadow-yes elementor-posts__hover-gradient elementor-widget elementor-widget-posts\" data-id=\"2182414\" data-element_type=\"widget\" data-e-type=\"widget\" data-settings=\"{&quot;cards_columns&quot;:&quot;3&quot;,&quot;cards_columns_tablet&quot;:&quot;2&quot;,&quot;cards_columns_mobile&quot;:&quot;1&quot;,&quot;cards_row_gap&quot;:{&quot;unit&quot;:&quot;px&quot;,&quot;size&quot;:35,&quot;sizes&quot;:[]},&quot;cards_row_gap_tablet&quot;:{&quot;unit&quot;:&quot;px&quot;,&quot;size&quot;:&quot;&quot;,&quot;sizes&quot;:[]},&quot;cards_row_gap_mobile&quot;:{&quot;unit&quot;:&quot;px&quot;,&quot;size&quot;:&quot;&quot;,&quot;sizes&quot;:[]}}\" data-widget_type=\"posts.cards\">\n\t\t\t\t<div class=\"elementor-widget-container\">\n\t\t\t\t\t\t\t<div class=\"elementor-posts-container elementor-posts elementor-posts--skin-cards elementor-grid\" role=\"list\">\n\t\t\t\t<article class=\"elementor-post elementor-grid-item post-11838 post type-post status-publish format-standard has-post-thumbnail hentry category-ultimas-noticias\" role=\"listitem\">\n\t\t\t<div class=\"elementor-post__card\">\n\t\t\t\t<a class=\"elementor-post__thumbnail__link\" href=\"https:\/\/camarameridiano.sp.gov.br\/site\/camara-homenageia-cidadaos-em-sessao-solene-alusiva-ao-aniversario-do-municipio\/\" tabindex=\"-1\" ><div class=\"elementor-post__thumbnail\"><img decoding=\"async\" width=\"300\" height=\"135\" src=\"https:\/\/camarameridiano.sp.gov.br\/site\/wp-content\/uploads\/2026\/03\/WhatsApp-Image-2026-03-18-at-19.48.45-300x135.jpeg\" class=\"attachment-medium size-medium wp-image-11852\" alt=\"\" srcset=\"https:\/\/camarameridiano.sp.gov.br\/site\/wp-content\/uploads\/2026\/03\/WhatsApp-Image-2026-03-18-at-19.48.45-300x135.jpeg 300w, https:\/\/camarameridiano.sp.gov.br\/site\/wp-content\/uploads\/2026\/03\/WhatsApp-Image-2026-03-18-at-19.48.45-1030x463.jpeg 1030w, https:\/\/camarameridiano.sp.gov.br\/site\/wp-content\/uploads\/2026\/03\/WhatsApp-Image-2026-03-18-at-19.48.45-768x345.jpeg 768w, https:\/\/camarameridiano.sp.gov.br\/site\/wp-content\/uploads\/2026\/03\/WhatsApp-Image-2026-03-18-at-19.48.45.jpeg 1280w\" sizes=\"(max-width: 300px) 100vw, 300px\" \/><\/div><\/a>\n\t\t\t\t<div class=\"elementor-post__text\">\n\t\t\t\t<h3 class=\"elementor-post__title\">\n\t\t\t<a href=\"https:\/\/camarameridiano.sp.gov.br\/site\/camara-homenageia-cidadaos-em-sessao-solene-alusiva-ao-aniversario-do-municipio\/\" >\n\t\t\t\tC\u00e2mara homenageia cidad\u00e3os em Sess\u00e3o Solene alusiva ao anivers\u00e1rio do munic\u00edpio\t\t\t<\/a>\n\t\t<\/h3>\n\t\t\t\t<\/div>\n\t\t\t\t\t<\/div>\n\t\t<\/article>\n\t\t\t\t<article class=\"elementor-post elementor-grid-item post-11716 post type-post status-publish format-standard has-post-thumbnail hentry category-ultimas-noticias\" role=\"listitem\">\n\t\t\t<div class=\"elementor-post__card\">\n\t\t\t\t<a class=\"elementor-post__thumbnail__link\" href=\"https:\/\/camarameridiano.sp.gov.br\/site\/aprovados-em-sessao-extraordinaria-repasses-e-reajustes-a-entidades-assistenciais\/\" tabindex=\"-1\" ><div class=\"elementor-post__thumbnail\"><img fetchpriority=\"high\" decoding=\"async\" width=\"300\" height=\"168\" src=\"https:\/\/camarameridiano.sp.gov.br\/site\/wp-content\/uploads\/2026\/02\/1extra2026-300x168.png\" class=\"attachment-medium size-medium wp-image-11717\" alt=\"\" srcset=\"https:\/\/camarameridiano.sp.gov.br\/site\/wp-content\/uploads\/2026\/02\/1extra2026-300x168.png 300w, https:\/\/camarameridiano.sp.gov.br\/site\/wp-content\/uploads\/2026\/02\/1extra2026-1030x576.png 1030w, https:\/\/camarameridiano.sp.gov.br\/site\/wp-content\/uploads\/2026\/02\/1extra2026-768x429.png 768w, https:\/\/camarameridiano.sp.gov.br\/site\/wp-content\/uploads\/2026\/02\/1extra2026.png 1334w\" sizes=\"(max-width: 300px) 100vw, 300px\" \/><\/div><\/a>\n\t\t\t\t<div class=\"elementor-post__text\">\n\t\t\t\t<h3 class=\"elementor-post__title\">\n\t\t\t<a href=\"https:\/\/camarameridiano.sp.gov.br\/site\/aprovados-em-sessao-extraordinaria-repasses-e-reajustes-a-entidades-assistenciais\/\" >\n\t\t\t\tAprovados, em sess\u00e3o extraordin\u00e1ria, repasses e reajustes a entidades assistenciais\t\t\t<\/a>\n\t\t<\/h3>\n\t\t\t\t<\/div>\n\t\t\t\t\t<\/div>\n\t\t<\/article>\n\t\t\t\t<article class=\"elementor-post elementor-grid-item post-11710 post type-post status-publish format-standard has-post-thumbnail hentry category-ultimas-noticias\" role=\"listitem\">\n\t\t\t<div class=\"elementor-post__card\">\n\t\t\t\t<a class=\"elementor-post__thumbnail__link\" href=\"https:\/\/camarameridiano.sp.gov.br\/site\/trabalhos-legislativos-de-2026-iniciam-com-rejeicao-de-veto-e-aprovacao-de-reajustes-aos-servidores\/\" tabindex=\"-1\" ><div class=\"elementor-post__thumbnail\"><img decoding=\"async\" width=\"300\" height=\"225\" src=\"https:\/\/camarameridiano.sp.gov.br\/site\/wp-content\/uploads\/2026\/02\/WhatsApp-Image-2026-02-02-at-18.15.00-300x225.jpeg\" class=\"attachment-medium size-medium wp-image-11711\" alt=\"\" srcset=\"https:\/\/camarameridiano.sp.gov.br\/site\/wp-content\/uploads\/2026\/02\/WhatsApp-Image-2026-02-02-at-18.15.00-300x225.jpeg 300w, https:\/\/camarameridiano.sp.gov.br\/site\/wp-content\/uploads\/2026\/02\/WhatsApp-Image-2026-02-02-at-18.15.00-768x576.jpeg 768w, https:\/\/camarameridiano.sp.gov.br\/site\/wp-content\/uploads\/2026\/02\/WhatsApp-Image-2026-02-02-at-18.15.00.jpeg 800w\" sizes=\"(max-width: 300px) 100vw, 300px\" \/><\/div><\/a>\n\t\t\t\t<div class=\"elementor-post__text\">\n\t\t\t\t<h3 class=\"elementor-post__title\">\n\t\t\t<a href=\"https:\/\/camarameridiano.sp.gov.br\/site\/trabalhos-legislativos-de-2026-iniciam-com-rejeicao-de-veto-e-aprovacao-de-reajustes-aos-servidores\/\" >\n\t\t\t\tTrabalhos legislativos de 2026 iniciam com rejei\u00e7\u00e3o de veto e aprova\u00e7\u00e3o de reajustes aos servidores\t\t\t<\/a>\n\t\t<\/h3>\n\t\t\t\t<\/div>\n\t\t\t\t\t<\/div>\n\t\t<\/article>\n\t\t\t\t<\/div>\n\t\t\n\t\t\t\t\t\t<\/div>\n\t\t\t\t<\/div>\n\t\t\t\t\t<\/div>\n\t\t\t\t<\/div>\n\t\t<div class=\"elementor-element elementor-element-09f0554 e-flex e-con-boxed e-con e-parent\" data-id=\"09f0554\" data-element_type=\"container\" data-e-type=\"container\">\n\t\t\t\t\t<div class=\"e-con-inner\">\n\t\t\t\t<div class=\"elementor-element elementor-element-0eb781a elementor-widget elementor-widget-heading\" data-id=\"0eb781a\" data-element_type=\"widget\" data-e-type=\"widget\" data-widget_type=\"heading.default\">\n\t\t\t\t<div class=\"elementor-widget-container\">\n\t\t\t\t\t<h2 class=\"elementor-heading-title elementor-size-default\">Principais Servi\u00e7os<\/h2>\t\t\t\t<\/div>\n\t\t\t\t<\/div>\n\t\t<div class=\"elementor-element elementor-element-76ee2df e-con-full e-flex e-con e-child\" data-id=\"76ee2df\" data-element_type=\"container\" data-e-type=\"container\">\n\t\t<div class=\"elementor-element elementor-element-7e1f522 e-grid e-con-boxed e-con e-child\" data-id=\"7e1f522\" data-element_type=\"container\" data-e-type=\"container\" data-settings=\"{&quot;background_background&quot;:&quot;classic&quot;}\">\n\t\t\t\t\t<div class=\"e-con-inner\">\n\t\t<div class=\"elementor-element elementor-element-24d7dcf e-con-full e-flex e-con e-child\" data-id=\"24d7dcf\" data-element_type=\"container\" data-e-type=\"container\">\n\t\t\t\t<div class=\"elementor-element elementor-element-17d2dcc elementor-view-stacked elementor-shape-rounded elementor-widget elementor-widget-icon\" data-id=\"17d2dcc\" data-element_type=\"widget\" data-e-type=\"widget\" data-widget_type=\"icon.default\">\n\t\t\t\t<div class=\"elementor-widget-container\">\n\t\t\t\t\t\t\t<div class=\"elementor-icon-wrapper\">\n\t\t\t<a class=\"elementor-icon elementor-animation-float\" href=\"https:\/\/camarameridiano.sp.gov.br\/site\/wp-content\/uploads\/2026\/01\/careta_servicos_2026.pdf\">\n\t\t\t<i aria-hidden=\"true\" class=\"fas fa-star\"><\/i>\t\t\t<\/a>\n\t\t<\/div>\n\t\t\t\t\t\t<\/div>\n\t\t\t\t<\/div>\n\t\t\t\t<div class=\"elementor-element elementor-element-048b4e3 elementor-widget elementor-widget-heading\" data-id=\"048b4e3\" data-element_type=\"widget\" data-e-type=\"widget\" data-widget_type=\"heading.default\">\n\t\t\t\t<div class=\"elementor-widget-container\">\n\t\t\t\t\t<h6 class=\"elementor-heading-title elementor-size-default\"><a href=\"https:\/\/camarameridiano.sp.gov.br\/site\/wp-content\/uploads\/2026\/01\/careta_servicos_2026.pdf\">Carta de Servi\u00e7os<\/a><\/h6>\t\t\t\t<\/div>\n\t\t\t\t<\/div>\n\t\t\t\t<\/div>\n\t\t<div class=\"elementor-element elementor-element-da3d842 e-con-full e-flex e-con e-child\" data-id=\"da3d842\" data-element_type=\"container\" data-e-type=\"container\">\n\t\t\t\t<div class=\"elementor-element elementor-element-e86fcd0 elementor-view-stacked elementor-shape-rounded elementor-widget elementor-widget-icon\" data-id=\"e86fcd0\" data-element_type=\"widget\" data-e-type=\"widget\" data-widget_type=\"icon.default\">\n\t\t\t\t<div class=\"elementor-widget-container\">\n\t\t\t\t\t\t\t<div class=\"elementor-icon-wrapper\">\n\t\t\t<a class=\"elementor-icon elementor-animation-float\" href=\"http:\/\/servidor.meridiano.sp.gov.br:8079\/TransparenciaCAMARA\/\">\n\t\t\t<i aria-hidden=\"true\" class=\"fas fa-search\"><\/i>\t\t\t<\/a>\n\t\t<\/div>\n\t\t\t\t\t\t<\/div>\n\t\t\t\t<\/div>\n\t\t\t\t<div class=\"elementor-element elementor-element-45eda4e elementor-widget elementor-widget-heading\" data-id=\"45eda4e\" data-element_type=\"widget\" data-e-type=\"widget\" data-widget_type=\"heading.default\">\n\t\t\t\t<div class=\"elementor-widget-container\">\n\t\t\t\t\t<h6 class=\"elementor-heading-title elementor-size-default\"><a href=\"http:\/\/servidor.meridiano.sp.gov.br:8079\/TransparenciaCAMARA\/\">Transpar\u00eancia<\/a><\/h6>\t\t\t\t<\/div>\n\t\t\t\t<\/div>\n\t\t\t\t<\/div>\n\t\t<div class=\"elementor-element elementor-element-980ad8a e-con-full e-flex e-con e-child\" data-id=\"980ad8a\" data-element_type=\"container\" data-e-type=\"container\">\n\t\t\t\t<div class=\"elementor-element elementor-element-f403328 elementor-view-stacked elementor-shape-rounded elementor-widget elementor-widget-icon\" data-id=\"f403328\" data-element_type=\"widget\" data-e-type=\"widget\" data-widget_type=\"icon.default\">\n\t\t\t\t<div class=\"elementor-widget-container\">\n\t\t\t\t\t\t\t<div class=\"elementor-icon-wrapper\">\n\t\t\t<a class=\"elementor-icon elementor-animation-float\" href=\"https:\/\/sapl.meridiano.sp.leg.br\">\n\t\t\t<i aria-hidden=\"true\" class=\"fas fa-file-export\"><\/i>\t\t\t<\/a>\n\t\t<\/div>\n\t\t\t\t\t\t<\/div>\n\t\t\t\t<\/div>\n\t\t\t\t<div class=\"elementor-element elementor-element-0c3476c elementor-widget elementor-widget-heading\" data-id=\"0c3476c\" data-element_type=\"widget\" data-e-type=\"widget\" data-widget_type=\"heading.default\">\n\t\t\t\t<div class=\"elementor-widget-container\">\n\t\t\t\t\t<h6 class=\"elementor-heading-title elementor-size-default\"><a href=\"https:\/\/sapl.meridiano.sp.leg.br\">SAPL - Processo Legislativo<\/a><\/h6>\t\t\t\t<\/div>\n\t\t\t\t<\/div>\n\t\t\t\t<\/div>\n\t\t<div class=\"elementor-element elementor-element-adc0488 e-con-full e-flex e-con e-child\" data-id=\"adc0488\" data-element_type=\"container\" data-e-type=\"container\">\n\t\t\t\t<div class=\"elementor-element elementor-element-3a43d82 elementor-view-stacked elementor-shape-rounded elementor-widget elementor-widget-icon\" data-id=\"3a43d82\" data-element_type=\"widget\" data-e-type=\"widget\" data-widget_type=\"icon.default\">\n\t\t\t\t<div class=\"elementor-widget-container\">\n\t\t\t\t\t\t\t<div class=\"elementor-icon-wrapper\">\n\t\t\t<a class=\"elementor-icon elementor-animation-float\" href=\"https:\/\/camarameridiano.sp.gov.br\/site\/ouvidoria\/\">\n\t\t\t<i aria-hidden=\"true\" class=\"fas fa-comment-dots\"><\/i>\t\t\t<\/a>\n\t\t<\/div>\n\t\t\t\t\t\t<\/div>\n\t\t\t\t<\/div>\n\t\t\t\t<div class=\"elementor-element elementor-element-f40ec0c elementor-widget elementor-widget-heading\" data-id=\"f40ec0c\" data-element_type=\"widget\" data-e-type=\"widget\" data-widget_type=\"heading.default\">\n\t\t\t\t<div class=\"elementor-widget-container\">\n\t\t\t\t\t<h6 class=\"elementor-heading-title elementor-size-default\">Ouvidoria Legislativa<\/h6>\t\t\t\t<\/div>\n\t\t\t\t<\/div>\n\t\t\t\t<\/div>\n\t\t<div class=\"elementor-element elementor-element-8d3a91b e-con-full e-flex e-con e-child\" data-id=\"8d3a91b\" data-element_type=\"container\" data-e-type=\"container\">\n\t\t\t\t<div class=\"elementor-element elementor-element-8659550 elementor-view-stacked elementor-shape-rounded elementor-widget elementor-widget-icon\" data-id=\"8659550\" data-element_type=\"widget\" data-e-type=\"widget\" data-widget_type=\"icon.default\">\n\t\t\t\t<div class=\"elementor-widget-container\">\n\t\t\t\t\t\t\t<div class=\"elementor-icon-wrapper\">\n\t\t\t<a class=\"elementor-icon elementor-animation-float\" href=\"https:\/\/radardatransparencia.atricon.org.br\">\n\t\t\t<i aria-hidden=\"true\" class=\"fas fa-spinner\"><\/i>\t\t\t<\/a>\n\t\t<\/div>\n\t\t\t\t\t\t<\/div>\n\t\t\t\t<\/div>\n\t\t\t\t<div class=\"elementor-element elementor-element-a7cf6f5 elementor-widget elementor-widget-heading\" data-id=\"a7cf6f5\" data-element_type=\"widget\" data-e-type=\"widget\" data-widget_type=\"heading.default\">\n\t\t\t\t<div class=\"elementor-widget-container\">\n\t\t\t\t\t<h6 class=\"elementor-heading-title elementor-size-default\"><a href=\"https:\/\/radardatransparencia.atricon.org.br\">Radar da Transpar\u00eancia<\/a><\/h6>\t\t\t\t<\/div>\n\t\t\t\t<\/div>\n\t\t\t\t<\/div>\n\t\t<div class=\"elementor-element elementor-element-9aa99f9 e-con-full e-flex e-con e-child\" data-id=\"9aa99f9\" data-element_type=\"container\" data-e-type=\"container\">\n\t\t\t\t<div class=\"elementor-element elementor-element-497ae71 elementor-view-stacked elementor-shape-rounded elementor-widget elementor-widget-icon\" data-id=\"497ae71\" data-element_type=\"widget\" data-e-type=\"widget\" data-widget_type=\"icon.default\">\n\t\t\t\t<div class=\"elementor-widget-container\">\n\t\t\t\t\t\t\t<div class=\"elementor-icon-wrapper\">\n\t\t\t<a class=\"elementor-icon elementor-animation-float\" href=\"https:\/\/camarameridiano.sp.gov.br\/site\/protocolo\/\">\n\t\t\t<i aria-hidden=\"true\" class=\"fas fa-cloud-upload-alt\"><\/i>\t\t\t<\/a>\n\t\t<\/div>\n\t\t\t\t\t\t<\/div>\n\t\t\t\t<\/div>\n\t\t\t\t<div class=\"elementor-element elementor-element-c71b802 elementor-widget elementor-widget-heading\" data-id=\"c71b802\" data-element_type=\"widget\" data-e-type=\"widget\" data-widget_type=\"heading.default\">\n\t\t\t\t<div class=\"elementor-widget-container\">\n\t\t\t\t\t<h6 class=\"elementor-heading-title elementor-size-default\"><a href=\"https:\/\/camarameridiano.sp.gov.br\/site\/protocolo\/\">Protocolo Digital<\/a><\/h6>\t\t\t\t<\/div>\n\t\t\t\t<\/div>\n\t\t\t\t<\/div>\n\t\t<div class=\"elementor-element elementor-element-3ac85de e-con-full e-flex e-con e-child\" data-id=\"3ac85de\" data-element_type=\"container\" data-e-type=\"container\">\n\t\t\t\t<div class=\"elementor-element elementor-element-c79cce5 elementor-view-stacked elementor-shape-rounded elementor-widget elementor-widget-icon\" data-id=\"c79cce5\" data-element_type=\"widget\" data-e-type=\"widget\" data-widget_type=\"icon.default\">\n\t\t\t\t<div class=\"elementor-widget-container\">\n\t\t\t\t\t\t\t<div class=\"elementor-icon-wrapper\">\n\t\t\t<a class=\"elementor-icon elementor-animation-float\" href=\"https:\/\/imprensaoficialmunicipal.com.br\/meridiano\">\n\t\t\t<i aria-hidden=\"true\" class=\"fas fa-file-alt\"><\/i>\t\t\t<\/a>\n\t\t<\/div>\n\t\t\t\t\t\t<\/div>\n\t\t\t\t<\/div>\n\t\t\t\t<div class=\"elementor-element elementor-element-27cd0bb elementor-widget elementor-widget-heading\" data-id=\"27cd0bb\" data-element_type=\"widget\" data-e-type=\"widget\" data-widget_type=\"heading.default\">\n\t\t\t\t<div class=\"elementor-widget-container\">\n\t\t\t\t\t<h6 class=\"elementor-heading-title elementor-size-default\"><a href=\"https:\/\/imprensaoficialmunicipal.com.br\/meridiano\">Di\u00e1rio Oficial do Munic\u00edpio<\/a><\/h6>\t\t\t\t<\/div>\n\t\t\t\t<\/div>\n\t\t\t\t<\/div>\n\t\t<div class=\"elementor-element elementor-element-1a0915f e-con-full e-flex e-con e-child\" data-id=\"1a0915f\" data-element_type=\"container\" data-e-type=\"container\">\n\t\t\t\t<div class=\"elementor-element elementor-element-fdb3330 elementor-view-stacked elementor-shape-rounded elementor-widget elementor-widget-icon\" data-id=\"fdb3330\" data-element_type=\"widget\" data-e-type=\"widget\" data-widget_type=\"icon.default\">\n\t\t\t\t<div class=\"elementor-widget-container\">\n\t\t\t\t\t\t\t<div class=\"elementor-icon-wrapper\">\n\t\t\t<a class=\"elementor-icon elementor-animation-float\" href=\"https:\/\/camarameridiano.sp.gov.br\/site\/gestao-e-atividades\/\">\n\t\t\t<i aria-hidden=\"true\" class=\"far fa-building\"><\/i>\t\t\t<\/a>\n\t\t<\/div>\n\t\t\t\t\t\t<\/div>\n\t\t\t\t<\/div>\n\t\t\t\t<div class=\"elementor-element elementor-element-59b0077 elementor-widget elementor-widget-heading\" data-id=\"59b0077\" data-element_type=\"widget\" data-e-type=\"widget\" data-widget_type=\"heading.default\">\n\t\t\t\t<div class=\"elementor-widget-container\">\n\t\t\t\t\t<h6 class=\"elementor-heading-title elementor-size-default\"><a href=\"https:\/\/camarameridiano.sp.gov.br\/site\/gestao-e-atividades\/\">Gest\u00e3o e Atividades<\/a><\/h6>\t\t\t\t<\/div>\n\t\t\t\t<\/div>\n\t\t\t\t<\/div>\n\t\t\t\t\t<\/div>\n\t\t\t\t<\/div>\n\t\t\t\t<\/div>\n\t\t\t\t\t<\/div>\n\t\t\t\t<\/div>\n\t\t<div class=\"elementor-element elementor-element-2823cc7 e-flex e-con-boxed e-con e-parent\" data-id=\"2823cc7\" data-element_type=\"container\" data-e-type=\"container\">\n\t\t\t\t\t<div class=\"e-con-inner\">\n\t\t<div class=\"elementor-element elementor-element-56bc1b2 e-con-full e-flex e-con e-child\" data-id=\"56bc1b2\" data-element_type=\"container\" data-e-type=\"container\" data-settings=\"{&quot;background_background&quot;:&quot;classic&quot;}\">\n\t\t\t\t<\/div>\n\t\t<div class=\"elementor-element elementor-element-aed3fb4 e-con-full e-flex e-con e-child\" data-id=\"aed3fb4\" data-element_type=\"container\" data-e-type=\"container\" data-settings=\"{&quot;background_background&quot;:&quot;classic&quot;}\">\n\t\t\t\t<\/div>\n\t\t<div class=\"elementor-element elementor-element-6bf0a77 e-con-full e-flex e-con e-child\" data-id=\"6bf0a77\" data-element_type=\"container\" data-e-type=\"container\" data-settings=\"{&quot;background_background&quot;:&quot;classic&quot;}\">\n\t\t\t\t<\/div>\n\t\t\t\t\t<\/div>\n\t\t\t\t<\/div>\n\t\t<div class=\"elementor-element elementor-element-0d2ca87 e-grid e-con-boxed e-con e-parent\" data-id=\"0d2ca87\" data-element_type=\"container\" data-e-type=\"container\">\n\t\t\t\t\t<div class=\"e-con-inner\">\n\t\t<div class=\"elementor-element elementor-element-1f6edd4 e-con-full e-flex e-con e-child\" data-id=\"1f6edd4\" data-element_type=\"container\" data-e-type=\"container\">\n\t\t<div class=\"elementor-element elementor-element-1cfbbf6 e-con-full e-flex e-con e-child\" data-id=\"1cfbbf6\" data-element_type=\"container\" data-e-type=\"container\">\n\t\t\t\t<div class=\"elementor-element elementor-element-be34367 elementor-widget elementor-widget-heading\" data-id=\"be34367\" data-element_type=\"widget\" data-e-type=\"widget\" data-widget_type=\"heading.default\">\n\t\t\t\t<div class=\"elementor-widget-container\">\n\t\t\t\t\t<h2 class=\"elementor-heading-title elementor-size-default\">TV C\u00e2mara<\/h2>\t\t\t\t<\/div>\n\t\t\t\t<\/div>\n\t\t\t\t<div class=\"elementor-element elementor-element-f21e30a elementor-widget elementor-widget-text-editor\" data-id=\"f21e30a\" data-element_type=\"widget\" data-e-type=\"widget\" data-widget_type=\"text-editor.default\">\n\t\t\t\t<div class=\"elementor-widget-container\">\n\t\t\t\t\t\t\t\t\t<p>Acompanhe ao vivo as transmiss\u00f5es das sess\u00f5es e audi\u00eancias da C\u00e2mara Municipal de Meridiano pelo Facebook e YouTube.<\/p>\t\t\t\t\t\t\t\t<\/div>\n\t\t\t\t<\/div>\n\t\t\t\t<div class=\"elementor-element elementor-element-112d8eb elementor-widget elementor-widget-button\" data-id=\"112d8eb\" data-element_type=\"widget\" data-e-type=\"widget\" data-widget_type=\"button.default\">\n\t\t\t\t<div class=\"elementor-widget-container\">\n\t\t\t\t\t\t\t\t\t<div class=\"elementor-button-wrapper\">\n\t\t\t\t\t<a class=\"elementor-button elementor-button-link elementor-size-sm\" href=\"https:\/\/www.youtube.com\/@camarameridiano\">\n\t\t\t\t\t\t<span class=\"elementor-button-content-wrapper\">\n\t\t\t\t\t\t\t\t\t<span class=\"elementor-button-text\">Veja mais<\/span>\n\t\t\t\t\t<\/span>\n\t\t\t\t\t<\/a>\n\t\t\t\t<\/div>\n\t\t\t\t\t\t\t\t<\/div>\n\t\t\t\t<\/div>\n\t\t\t\t<\/div>\n\t\t\t\t<\/div>\n\t\t<div class=\"elementor-element elementor-element-b50f34c e-con-full e-flex e-con e-child\" data-id=\"b50f34c\" data-element_type=\"container\" data-e-type=\"container\" data-settings=\"{&quot;background_background&quot;:&quot;classic&quot;}\">\n\t\t\t\t<div class=\"elementor-element elementor-element-cf52093 elementor-widget elementor-widget-html\" data-id=\"cf52093\" data-element_type=\"widget\" data-e-type=\"widget\" data-widget_type=\"html.default\">\n\t\t\t\t<div class=\"elementor-widget-container\">\n\t\t\t\t\t<p align=\"center\">\n<div class=\"cp-streamweasels-youtube cp-streamweasels-youtube--wall cp-streamweasels-youtube--inside cp-streamweasels-youtube--4526 cp-streamweasels-youtube--hover- cp-streamweasels-youtube--placement-absolute cp-streamweasels-youtube--position-top cp-streamweasels-youtube--position-left cp-streamweasels-youtube--hide-0\"  style=\"max-width:px; margin: 0 auto;\" data-online=\"0\" data-offline=\"0\" data-total=\"0\" data-uuid=\"4526\" data-skew=\"0\">\n    <div class=\"cp-streamweasels-youtube__inner\">\n\n                                        \n            <div class=\"cp-streamweasels-youtube__loader\">\n                <div class=\"spinner-item\"><\/div>\n                <div class=\"spinner-item\"><\/div>\n                <div class=\"spinner-item\"><\/div>\n                <div class=\"spinner-item\"><\/div>\n                <div class=\"spinner-item\"><\/div>\n            <\/div>\n            <div class=\"cp-streamweasels-youtube__player\">\n                <div class=\"cp-streamweasels-youtube__player-target\"><\/div>\n            <\/div>\n            <div class=\"cp-streamweasels-youtube__offline-wrapper\"><\/div>\n            <div class=\"cp-streamweasels-youtube__streams cp-streamweasels-youtube__streams--detailed cp-streamweasels-youtube__streams--hover-none\" style=\"grid-gap:10px; grid-template-columns: repeat(4, minmax(100px, 1fr));\"><\/div>     \n            <div class=\"cp-streamweasels-youtube__pagination\"><\/div>\n            <\/div>\n<\/div><\/p>\t\t\t\t<\/div>\n\t\t\t\t<\/div>\n\t\t\t\t<\/div>\n\t\t\t\t\t<\/div>\n\t\t\t\t<\/div>\n\t\t\t\t<\/div>\n\t\t","protected":false},"excerpt":{"rendered":"<p>\u00daltimas Not\u00edcias Principais Servi\u00e7os Carta de Servi\u00e7os Transpar\u00eancia SAPL &#8211; Processo Legislativo Ouvidoria Legislativa Radar da Transpar\u00eancia Protocolo Digital Di\u00e1rio Oficial do Munic\u00edpio Gest\u00e3o e<\/p>\n","protected":false},"author":1,"featured_media":0,"parent":0,"menu_order":0,"comment_status":"closed","ping_status":"closed","template":"","meta":{"om_disable_all_campaigns":false,"_monsterinsights_skip_tracking":false,"_monsterinsights_sitenote_active":false,"_monsterinsights_sitenote_note":"","_monsterinsights_sitenote_category":0,"footnotes":""},"class_list":["post-565","page","type-page","status-publish","hentry"],"blocksy_meta":{"has_hero_section":"disabled","vertical_spacing_source":"custom","content_area_spacing":"none","styles_descriptor":{"styles":{"desktop":"","tablet":"","mobile":""},"google_fonts":[],"version":6}},"aioseo_notices":[],"_links":{"self":[{"href":"https:\/\/camarameridiano.sp.gov.br\/site\/wp-json\/wp\/v2\/pages\/565","targetHints":{"allow":["GET"]}}],"collection":[{"href":"https:\/\/camarameridiano.sp.gov.br\/site\/wp-json\/wp\/v2\/pages"}],"about":[{"href":"https:\/\/camarameridiano.sp.gov.br\/site\/wp-json\/wp\/v2\/types\/page"}],"author":[{"embeddable":true,"href":"https:\/\/camarameridiano.sp.gov.br\/site\/wp-json\/wp\/v2\/users\/1"}],"replies":[{"embeddable":true,"href":"https:\/\/camarameridiano.sp.gov.br\/site\/wp-json\/wp\/v2\/comments?post=565"}],"version-history":[{"count":99,"href":"https:\/\/camarameridiano.sp.gov.br\/site\/wp-json\/wp\/v2\/pages\/565\/revisions"}],"predecessor-version":[{"id":11829,"href":"https:\/\/camarameridiano.sp.gov.br\/site\/wp-json\/wp\/v2\/pages\/565\/revisions\/11829"}],"wp:attachment":[{"href":"https:\/\/camarameridiano.sp.gov.br\/site\/wp-json\/wp\/v2\/media?parent=565"}],"curies":[{"name":"wp","href":"https:\/\/api.w.org\/{rel}","templated":true}]}}