{"id":3060,"date":"2018-08-31T12:15:27","date_gmt":"2018-08-31T15:15:27","guid":{"rendered":"http:\/\/camarameridiano.sp.gov.br\/site\/?page_id=3060"},"modified":"2025-11-11T13:54:59","modified_gmt":"2025-11-11T16:54:59","slug":"simbolos-de-meridiano","status":"publish","type":"page","link":"https:\/\/camarameridiano.sp.gov.br\/site\/simbolos-de-meridiano\/","title":{"rendered":"S\u00edmbolos Municipais"},"content":{"rendered":"\t\t<div data-elementor-type=\"wp-post\" data-elementor-id=\"3060\" class=\"elementor elementor-3060\" data-elementor-post-type=\"page\">\n\t\t\t\t\t\t<section class=\"elementor-section elementor-top-section elementor-element elementor-element-6e37b228 elementor-section-boxed elementor-section-height-default elementor-section-height-default\" data-id=\"6e37b228\" data-element_type=\"section\" data-e-type=\"section\">\n\t\t\t\t\t\t<div class=\"elementor-container elementor-column-gap-default\">\n\t\t\t\t\t<div class=\"elementor-column elementor-col-100 elementor-top-column elementor-element elementor-element-5bab61b6\" data-id=\"5bab61b6\" data-element_type=\"column\" data-e-type=\"column\">\n\t\t\t<div class=\"elementor-widget-wrap elementor-element-populated\">\n\t\t\t\t\t\t<div class=\"elementor-element elementor-element-50900e49 elementor-widget elementor-widget-text-editor\" data-id=\"50900e49\" data-element_type=\"widget\" data-e-type=\"widget\" data-widget_type=\"text-editor.default\">\n\t\t\t\t<div class=\"elementor-widget-container\">\n\t\t\t\t\t\t\t\t\t<p>S\u00e3o S\u00edmbolos do Munic\u00edpio, a Bandeira, o Hino e o Bras\u00e3o de Armas, representativos de<br \/>sua cultura e hist\u00f3ria.<\/p>\t\t\t\t\t\t\t\t<\/div>\n\t\t\t\t<\/div>\n\t\t\t\t<section class=\"elementor-section elementor-inner-section elementor-element elementor-element-439af141 elementor-section-boxed elementor-section-height-default elementor-section-height-default\" data-id=\"439af141\" data-element_type=\"section\" data-e-type=\"section\">\n\t\t\t\t\t\t<div class=\"elementor-container elementor-column-gap-default\">\n\t\t\t\t\t<div class=\"elementor-column elementor-col-50 elementor-inner-column elementor-element elementor-element-191a4b7d\" data-id=\"191a4b7d\" data-element_type=\"column\" data-e-type=\"column\">\n\t\t\t<div class=\"elementor-widget-wrap elementor-element-populated\">\n\t\t\t\t\t\t<div class=\"elementor-element elementor-element-2dc9bc9a elementor-widget elementor-widget-heading\" data-id=\"2dc9bc9a\" data-element_type=\"widget\" data-e-type=\"widget\" data-widget_type=\"heading.default\">\n\t\t\t\t<div class=\"elementor-widget-container\">\n\t\t\t\t\t<h5 class=\"elementor-heading-title elementor-size-default\">Bandeira<\/h5>\t\t\t\t<\/div>\n\t\t\t\t<\/div>\n\t\t\t\t<div class=\"elementor-element elementor-element-2ec922b7 elementor-widget elementor-widget-image\" data-id=\"2ec922b7\" data-element_type=\"widget\" data-e-type=\"widget\" data-widget_type=\"image.default\">\n\t\t\t\t<div class=\"elementor-widget-container\">\n\t\t\t\t\t\t\t\t\t\t\t\t\t\t\t<img fetchpriority=\"high\" decoding=\"async\" width=\"1030\" height=\"724\" src=\"https:\/\/camarameridiano.sp.gov.br\/site\/wp-content\/uploads\/2025\/11\/bandeira_meridiano-1030x724.png\" class=\"attachment-large size-large wp-image-11644\" alt=\"\" srcset=\"https:\/\/camarameridiano.sp.gov.br\/site\/wp-content\/uploads\/2025\/11\/bandeira_meridiano-1030x724.png 1030w, https:\/\/camarameridiano.sp.gov.br\/site\/wp-content\/uploads\/2025\/11\/bandeira_meridiano-300x211.png 300w, https:\/\/camarameridiano.sp.gov.br\/site\/wp-content\/uploads\/2025\/11\/bandeira_meridiano-768x540.png 768w, https:\/\/camarameridiano.sp.gov.br\/site\/wp-content\/uploads\/2025\/11\/bandeira_meridiano.png 1280w\" sizes=\"(max-width: 1030px) 100vw, 1030px\" \/>\t\t\t\t\t\t\t\t\t\t\t\t\t\t\t<\/div>\n\t\t\t\t<\/div>\n\t\t\t\t<div class=\"elementor-element elementor-element-3ff0ec1 elementor-widget elementor-widget-text-editor\" data-id=\"3ff0ec1\" data-element_type=\"widget\" data-e-type=\"widget\" data-widget_type=\"text-editor.default\">\n\t\t\t\t<div class=\"elementor-widget-container\">\n\t\t\t\t\t\t\t\t\t<p>A <strong>bandeira do Munic\u00edpio de Meridiano,<\/strong> institu\u00edda pela <a href=\"https:\/\/sapl.meridiano.sp.leg.br\/norma\/630\">Lei Ordin\u00e1ria n\u00ba 17, de 26 de setembro de 1977<\/a>, apresenta formato retangular, composta por dois tri\u00e2ngulos dispostos em diagonais opostas, sendo o tri\u00e2ngulo superior de cor vermelha e o inferior de cor branca, divididos por uma linha diagonal que parte do canto superior esquerdo ao canto inferior direito. O vermelho simboliza a for\u00e7a, a coragem e o trabalho do povo meridianense, enquanto o branco representa a paz, a harmonia e a uni\u00e3o. Ao centro, sobreposto \u00e0 jun\u00e7\u00e3o das cores, figura o bras\u00e3o municipal, conferindo \u00e0 ins\u00edgnia car\u00e1ter solene e representativo.<\/p>\t\t\t\t\t\t\t\t<\/div>\n\t\t\t\t<\/div>\n\t\t\t\t<div class=\"elementor-element elementor-element-1ad10010 elementor-widget elementor-widget-spacer\" data-id=\"1ad10010\" data-element_type=\"widget\" data-e-type=\"widget\" data-widget_type=\"spacer.default\">\n\t\t\t\t<div class=\"elementor-widget-container\">\n\t\t\t\t\t\t\t<div class=\"elementor-spacer\">\n\t\t\t<div class=\"elementor-spacer-inner\"><\/div>\n\t\t<\/div>\n\t\t\t\t\t\t<\/div>\n\t\t\t\t<\/div>\n\t\t\t\t<div class=\"elementor-element elementor-element-6142586b elementor-widget elementor-widget-heading\" data-id=\"6142586b\" data-element_type=\"widget\" data-e-type=\"widget\" data-widget_type=\"heading.default\">\n\t\t\t\t<div class=\"elementor-widget-container\">\n\t\t\t\t\t<h5 class=\"elementor-heading-title elementor-size-default\">Bras\u00e3o de Armas<\/h5>\t\t\t\t<\/div>\n\t\t\t\t<\/div>\n\t\t\t\t<div class=\"elementor-element elementor-element-da1085 elementor-widget elementor-widget-image\" data-id=\"da1085\" data-element_type=\"widget\" data-e-type=\"widget\" data-widget_type=\"image.default\">\n\t\t\t\t<div class=\"elementor-widget-container\">\n\t\t\t\t\t\t\t\t\t\t\t\t\t\t\t<img decoding=\"async\" width=\"281\" height=\"300\" src=\"https:\/\/camarameridiano.sp.gov.br\/site\/wp-content\/uploads\/2025\/11\/brasao-281x300.png\" class=\"attachment-medium size-medium wp-image-11646\" alt=\"\" srcset=\"https:\/\/camarameridiano.sp.gov.br\/site\/wp-content\/uploads\/2025\/11\/brasao-281x300.png 281w, https:\/\/camarameridiano.sp.gov.br\/site\/wp-content\/uploads\/2025\/11\/brasao-768x821.png 768w, https:\/\/camarameridiano.sp.gov.br\/site\/wp-content\/uploads\/2025\/11\/brasao.png 935w\" sizes=\"(max-width: 281px) 100vw, 281px\" \/>\t\t\t\t\t\t\t\t\t\t\t\t\t\t\t<\/div>\n\t\t\t\t<\/div>\n\t\t\t\t<div class=\"elementor-element elementor-element-a034245 elementor-widget elementor-widget-text-editor\" data-id=\"a034245\" data-element_type=\"widget\" data-e-type=\"widget\" data-widget_type=\"text-editor.default\">\n\t\t\t\t<div class=\"elementor-widget-container\">\n\t\t\t\t\t\t\t\t\t<p>O <strong data-start=\"2\" data-end=\"47\">bras\u00e3o de armas do Munic\u00edpio de Meridiano<\/strong>, institu\u00eddo pela <a href=\"https:\/\/sapl.meridiano.sp.leg.br\/norma\/630\">Lei Ordin\u00e1ria n\u00ba 17, de 26 de setembro de 1977<\/a>, re\u00fane s\u00edmbolos que representam a hist\u00f3ria, a f\u00e9 e as riquezas locais. O escudo redondo, de origem portuguesa, presta homenagem aos colonizadores e desbravadores. O ouro simboliza prosperidade, f\u00e9 e nobreza. Na parte superior, o campo azul com a cruz vermelha e as flores-de-lis expressa a religiosidade e a devo\u00e7\u00e3o a Nossa Senhora Aparecida. O sol nascente, em faixa branca, alude ao nome \u201cMeridiano\u201d, que significa meio-dia. \u00c0 esquerda, as terras cultivadas e os ramos de caf\u00e9 e milho representam a fertilidade e a for\u00e7a da agricultura local; \u00e0 direita, a cabe\u00e7a de boi destaca a import\u00e2ncia da pecu\u00e1ria. Na base, o listel dourado traz o nome do munic\u00edpio e os marcos de sua hist\u00f3ria: <strong data-start=\"799\" data-end=\"807\">1948<\/strong>, ano de eleva\u00e7\u00e3o a distrito, e <strong data-start=\"839\" data-end=\"847\">1959<\/strong>, ano da emancipa\u00e7\u00e3o pol\u00edtica.<\/p>\t\t\t\t\t\t\t\t<\/div>\n\t\t\t\t<\/div>\n\t\t\t\t\t<\/div>\n\t\t<\/div>\n\t\t\t\t<div class=\"elementor-column elementor-col-50 elementor-inner-column elementor-element elementor-element-72857592\" data-id=\"72857592\" data-element_type=\"column\" data-e-type=\"column\">\n\t\t\t<div class=\"elementor-widget-wrap elementor-element-populated\">\n\t\t\t\t\t\t<div class=\"elementor-element elementor-element-385b91a0 elementor-widget elementor-widget-heading\" data-id=\"385b91a0\" data-element_type=\"widget\" data-e-type=\"widget\" data-widget_type=\"heading.default\">\n\t\t\t\t<div class=\"elementor-widget-container\">\n\t\t\t\t\t<h5 class=\"elementor-heading-title elementor-size-default\">Hino Municipal<\/h5>\t\t\t\t<\/div>\n\t\t\t\t<\/div>\n\t\t\t\t<div class=\"elementor-element elementor-element-68bf8fc1 elementor-widget elementor-widget-text-editor\" data-id=\"68bf8fc1\" data-element_type=\"widget\" data-e-type=\"widget\" data-widget_type=\"text-editor.default\">\n\t\t\t\t<div class=\"elementor-widget-container\">\n\t\t\t\t\t\t\t\t\t<p>De tantas plagas vieram<br \/>Guerreiros de pulso forte<br \/>No peito a esperan\u00e7a<br \/>Na f\u00e9 estava a sorte<\/p><p><i>Terra linda e f\u00e9rtil<\/i><br \/><i>Promessa de novos dias<\/i><br \/><i>Assim \u00e9 que surgiram<\/i><br \/><i>As duas maravilhas<\/i><\/p><p>Suor, garra e for\u00e7a<br \/>Ditando o novo plano<br \/>Fecundo das maravilhas<br \/>Nascia Meridiano<\/p><p>Seu povo hospitaleiro<br \/>Buscando sempre o progresso<br \/>E como os pioneiros<br \/>Lutando pelo sucesso<\/p><p>Gente humilde e gentil<br \/>Recebe ent\u00e3o o trof\u00e9u<br \/>Que Deus deu ao Brasil<br \/>Um pedacinho no c\u00e9u<\/p><p><i>Terra linda e f\u00e9rtil<\/i><br \/><i>Promessa de novos dias<\/i><br \/><i>Assim \u00e9 que surgiram<\/i><br \/><i>As duas maravilhas<\/i><\/p>\t\t\t\t\t\t\t\t<\/div>\n\t\t\t\t<\/div>\n\t\t\t\t<div class=\"elementor-element elementor-element-806b0b3 elementor-widget elementor-widget-text-editor\" data-id=\"806b0b3\" data-element_type=\"widget\" data-e-type=\"widget\" data-widget_type=\"text-editor.default\">\n\t\t\t\t<div class=\"elementor-widget-container\">\n\t\t\t\t\t\t\t\t\t<p>O <strong>Hino Oficial do Munic\u00edpio de Meridiano<\/strong>, institu\u00eddo pela <a href=\"https:\/\/sapl.meridiano.sp.leg.br\/norma\/1634\">Lei Ordin\u00e1ria n\u00ba 1.152, de 7 de dezembro de 2016<\/a>, \u00e9 uma homenagem po\u00e9tica e musical \u00e0 hist\u00f3ria, ao povo e \u00e0s riquezas da cidade. Sua letra exalta os desbravadores que chegaram de v\u00e1rias regi\u00f5es, movidos pela f\u00e9, coragem e esperan\u00e7a, descrevendo Meridiano como uma \u201cterra linda e f\u00e9rtil\u201d, s\u00edmbolo de novos tempos e de prosperidade. O hino enaltece o trabalho e a hospitalidade de seu povo, reconhecendo o esfor\u00e7o dos pioneiros e o esp\u00edrito de uni\u00e3o e progresso que marcam o munic\u00edpio. A can\u00e7\u00e3o, que encerra com o verso \u201cum pedacinho do c\u00e9u\u201d, reflete o orgulho e o amor dos meridianenses pela sua terra, sendo executada oficialmente em eventos c\u00edvicos e solenidades municipais.<\/p>\t\t\t\t\t\t\t\t<\/div>\n\t\t\t\t<\/div>\n\t\t\t\t<div class=\"elementor-element elementor-element-72f0e85 elementor-widget elementor-widget-video\" data-id=\"72f0e85\" data-element_type=\"widget\" data-e-type=\"widget\" data-settings=\"{&quot;youtube_url&quot;:&quot;https:\\\/\\\/www.youtube.com\\\/watch?v=Pv37y5I6zKA&quot;,&quot;video_type&quot;:&quot;youtube&quot;,&quot;controls&quot;:&quot;yes&quot;}\" data-widget_type=\"video.default\">\n\t\t\t\t<div class=\"elementor-widget-container\">\n\t\t\t\t\t\t\t<div class=\"elementor-wrapper elementor-open-inline\">\n\t\t\t<div class=\"elementor-video\"><\/div>\t\t<\/div>\n\t\t\t\t\t\t<\/div>\n\t\t\t\t<\/div>\n\t\t\t\t\t<\/div>\n\t\t<\/div>\n\t\t\t\t\t<\/div>\n\t\t<\/section>\n\t\t\t\t\t<\/div>\n\t\t<\/div>\n\t\t\t\t\t<\/div>\n\t\t<\/section>\n\t\t\t\t<section class=\"elementor-section elementor-top-section elementor-element elementor-element-d99c403 elementor-section-boxed elementor-section-height-default elementor-section-height-default\" data-id=\"d99c403\" data-element_type=\"section\" data-e-type=\"section\">\n\t\t\t\t\t\t<div class=\"elementor-container elementor-column-gap-default\">\n\t\t\t\t\t<div class=\"elementor-column elementor-col-100 elementor-top-column elementor-element elementor-element-b65b383\" data-id=\"b65b383\" data-element_type=\"column\" data-e-type=\"column\">\n\t\t\t<div class=\"elementor-widget-wrap elementor-element-populated\">\n\t\t\t\t\t\t<div class=\"elementor-element elementor-element-ff9ca2d elementor-widget elementor-widget-spacer\" data-id=\"ff9ca2d\" data-element_type=\"widget\" data-e-type=\"widget\" data-widget_type=\"spacer.default\">\n\t\t\t\t<div class=\"elementor-widget-container\">\n\t\t\t\t\t\t\t<div class=\"elementor-spacer\">\n\t\t\t<div class=\"elementor-spacer-inner\"><\/div>\n\t\t<\/div>\n\t\t\t\t\t\t<\/div>\n\t\t\t\t<\/div>\n\t\t\t\t\t<\/div>\n\t\t<\/div>\n\t\t\t\t\t<\/div>\n\t\t<\/section>\n\t\t\t\t<\/div>\n\t\t","protected":false},"excerpt":{"rendered":"<p>S\u00e3o S\u00edmbolos do Munic\u00edpio, a Bandeira, o Hino e o Bras\u00e3o de Armas, representativos desua cultura e hist\u00f3ria. Bandeira A bandeira do Munic\u00edpio de Meridiano, institu\u00edda pela Lei Ordin\u00e1ria n\u00ba 17, de 26 de setembro de 1977, apresenta formato retangular, composta por dois tri\u00e2ngulos dispostos em diagonais opostas, sendo o tri\u00e2ngulo superior de cor vermelha [&hellip;]<\/p>\n","protected":false},"author":1,"featured_media":0,"parent":0,"menu_order":0,"comment_status":"closed","ping_status":"closed","template":"","meta":{"om_disable_all_campaigns":false,"_monsterinsights_skip_tracking":false,"_monsterinsights_sitenote_active":false,"_monsterinsights_sitenote_note":"","_monsterinsights_sitenote_category":0,"footnotes":""},"class_list":["post-3060","page","type-page","status-publish","hentry"],"blocksy_meta":[],"aioseo_notices":[],"_links":{"self":[{"href":"https:\/\/camarameridiano.sp.gov.br\/site\/wp-json\/wp\/v2\/pages\/3060","targetHints":{"allow":["GET"]}}],"collection":[{"href":"https:\/\/camarameridiano.sp.gov.br\/site\/wp-json\/wp\/v2\/pages"}],"about":[{"href":"https:\/\/camarameridiano.sp.gov.br\/site\/wp-json\/wp\/v2\/types\/page"}],"author":[{"embeddable":true,"href":"https:\/\/camarameridiano.sp.gov.br\/site\/wp-json\/wp\/v2\/users\/1"}],"replies":[{"embeddable":true,"href":"https:\/\/camarameridiano.sp.gov.br\/site\/wp-json\/wp\/v2\/comments?post=3060"}],"version-history":[{"count":17,"href":"https:\/\/camarameridiano.sp.gov.br\/site\/wp-json\/wp\/v2\/pages\/3060\/revisions"}],"predecessor-version":[{"id":11652,"href":"https:\/\/camarameridiano.sp.gov.br\/site\/wp-json\/wp\/v2\/pages\/3060\/revisions\/11652"}],"wp:attachment":[{"href":"https:\/\/camarameridiano.sp.gov.br\/site\/wp-json\/wp\/v2\/media?parent=3060"}],"curies":[{"name":"wp","href":"https:\/\/api.w.org\/{rel}","templated":true}]}}