{"id":11737,"date":"2026-02-27T15:11:26","date_gmt":"2026-02-27T18:11:26","guid":{"rendered":"https:\/\/camarameridiano.sp.gov.br\/site\/?page_id=11737"},"modified":"2026-02-27T15:16:08","modified_gmt":"2026-02-27T18:16:08","slug":"medalha-xix-de-marco","status":"publish","type":"page","link":"https:\/\/camarameridiano.sp.gov.br\/site\/galerias\/medalha-xix-de-marco\/","title":{"rendered":"Medalha XIX de Mar\u00e7o"},"content":{"rendered":"\t\t<div data-elementor-type=\"wp-page\" data-elementor-id=\"11737\" class=\"elementor elementor-11737\" data-elementor-post-type=\"page\">\n\t\t\t\t<div class=\"elementor-element elementor-element-4ce2abd e-flex e-con-boxed e-con e-parent\" data-id=\"4ce2abd\" data-element_type=\"container\" data-e-type=\"container\">\n\t\t\t\t\t<div class=\"e-con-inner\">\n\t\t\t\t<div class=\"elementor-element elementor-element-133008c elementor-widget elementor-widget-text-editor\" data-id=\"133008c\" data-element_type=\"widget\" data-e-type=\"widget\" data-widget_type=\"text-editor.default\">\n\t\t\t\t<div class=\"elementor-widget-container\">\n\t\t\t\t\t\t\t\t\t<p>A Medalha XIX de Mar\u00e7o \u00e9 uma das mais relevantes distin\u00e7\u00f5es honor\u00edficas concedidas pela C\u00e2mara Municipal de Meridiano, sendo reconhecida como a segunda maior honraria outorgada pelo Poder Legislativo local. Regulamentada pela <a href=\"https:\/\/sapl.meridiano.sp.leg.br\/norma\/449\">Resolu\u00e7\u00e3o n\u00ba 3, de 05 de dezembro de 2023<\/a>, que institui o Regimento de Honrarias Legislativas da C\u00e2mara Municipal de Meridiano, a comenda destina-se \u00e0 pessoa f\u00edsica credora do reconhecimento do povo meridianense, que se destaque pela notoriedade de seu saber, pelos relevantes servi\u00e7os prestados \u00e0 coletividade e pela dedica\u00e7\u00e3o \u00e0 causa do Munic\u00edpio.<\/p><p>O Regimento estabelece, ainda, crit\u00e9rio objetivo e restritivo para sua concess\u00e3o, determinando que cada Vereador poder\u00e1 indicar apenas uma Medalha XIX de Mar\u00e7o por Sess\u00e3o Legislativa. Tal limita\u00e7\u00e3o refor\u00e7a o car\u00e1ter seletivo e merit\u00f3rio da honraria, assegurando que a distin\u00e7\u00e3o seja conferida a cidad\u00e3os cuja trajet\u00f3ria pessoal e p\u00fablica represente efetiva contribui\u00e7\u00e3o ao desenvolvimento social, cultural ou comunit\u00e1rio de Meridiano.<\/p><p>Quanto \u00e0s suas caracter\u00edsticas f\u00edsicas, a medalha consiste em disco met\u00e1lico de cor bronze, com sete cent\u00edmetros de di\u00e2metro e tr\u00eas mil\u00edmetros de espessura, trazendo no anverso a divisa \u201cMedalha XIX de Mar\u00e7o \u2013 C\u00e2mara Municipal de Meridiano\u201d em torno do bras\u00e3o do Munic\u00edpio, e no verso o emblema da C\u00e2mara Municipal acompanhado do n\u00famero do Decreto Legislativo de concess\u00e3o, conforme previsto no Anexo II da regulamenta\u00e7\u00e3o, simbolizando o reconhecimento oficial e perene do Poder Legislativo aos que engrandecem a hist\u00f3ria do Munic\u00edpio.<\/p>\t\t\t\t\t\t\t\t<\/div>\n\t\t\t\t<\/div>\n\t\t\t\t<div class=\"elementor-element elementor-element-764d208 elementor-widget elementor-widget-shortcode\" data-id=\"764d208\" data-element_type=\"widget\" data-e-type=\"widget\" data-widget_type=\"shortcode.default\">\n\t\t\t\t<div class=\"elementor-widget-container\">\n\t\t\t\t\t\t\t<div class=\"elementor-shortcode\">\n<table id=\"tablepress-1\" class=\"tablepress tablepress-id-1\">\n<thead>\n<tr class=\"row-1\">\n\t<th class=\"column-1\">HOMENAGEADO<\/th><th class=\"column-2\">ANO<\/th><th class=\"column-3\">VEREADOR PROPONENTE<\/th>\n<\/tr>\n<\/thead>\n<tbody class=\"row-striping row-hover\">\n<tr class=\"row-2\">\n\t<td class=\"column-1\">Adair Quaresima<\/td><td class=\"column-2\">2025<\/td><td class=\"column-3\">Edivan Cassio Tonelote<\/td>\n<\/tr>\n<tr class=\"row-3\">\n\t<td class=\"column-1\">Adauto de Oliveira Silva<\/td><td class=\"column-2\">2025<\/td><td class=\"column-3\">Agnaldo Rodrigues da Silva J\u00fanior<\/td>\n<\/tr>\n<tr class=\"row-4\">\n\t<td class=\"column-1\">Ant\u00f4nio Caineli<\/td><td class=\"column-2\">2003<\/td><td class=\"column-3\">La\u00e9rcio Ribeiro de Novaes<\/td>\n<\/tr>\n<tr class=\"row-5\">\n\t<td class=\"column-1\">Ant\u00f4nio C\u00e9lio Gon\u00e7alez<\/td><td class=\"column-2\">2002<\/td><td class=\"column-3\">Mauro Ant\u00f4nio Praxedes<\/td>\n<\/tr>\n<tr class=\"row-6\">\n\t<td class=\"column-1\">Ant\u00f4nio Dalponte<\/td><td class=\"column-2\">2004<\/td><td class=\"column-3\">Mauro Ant\u00f4nio Praxedes<\/td>\n<\/tr>\n<tr class=\"row-7\">\n\t<td class=\"column-1\">Ant\u00f4nio Facundini<\/td><td class=\"column-2\">2002<\/td><td class=\"column-3\">Jo\u00e3o Fl\u00e1vio Binhardi<\/td>\n<\/tr>\n<tr class=\"row-8\">\n\t<td class=\"column-1\">Aparecido Girardi<\/td><td class=\"column-2\">2004<\/td><td class=\"column-3\">Sandra Maria da Cruz<\/td>\n<\/tr>\n<tr class=\"row-9\">\n\t<td class=\"column-1\">Aparecido Jos\u00e9 de Oliveira<\/td><td class=\"column-2\">2003<\/td><td class=\"column-3\">Ant\u00f4nio da Silva<\/td>\n<\/tr>\n<tr class=\"row-10\">\n\t<td class=\"column-1\">Apparecida Galhardo Lopes<\/td><td class=\"column-2\">2002<\/td><td class=\"column-3\">Cleri Nunes da Cruz Duran<\/td>\n<\/tr>\n<tr class=\"row-11\">\n\t<td class=\"column-1\">Aristeu Baldin<\/td><td class=\"column-2\">2014<\/td><td class=\"column-3\">Alziro Ferreira<\/td>\n<\/tr>\n<tr class=\"row-12\">\n\t<td class=\"column-1\">Nestor de Souza Cotrim<\/td><td class=\"column-2\">2025<\/td><td class=\"column-3\">Cleomar Faria Gon\u00e7alves<\/td>\n<\/tr>\n<tr class=\"row-13\">\n\t<td class=\"column-1\">Donato Marcelo Balbo<\/td><td class=\"column-2\">2014<\/td><td class=\"column-3\">Maicon Fabiano de Oliveira<\/td>\n<\/tr>\n<tr class=\"row-14\">\n\t<td class=\"column-1\">Durval Feltrin<\/td><td class=\"column-2\">2025<\/td><td class=\"column-3\">Rui Dias Barbosa<\/td>\n<\/tr>\n<tr class=\"row-15\">\n\t<td class=\"column-1\">F\u00e1bio Torrente Diogo de Farias<\/td><td class=\"column-2\">2025<\/td><td class=\"column-3\">J\u00fanio Afonso Dias<\/td>\n<\/tr>\n<tr class=\"row-16\">\n\t<td class=\"column-1\">Francisco Rodrigues<\/td><td class=\"column-2\">2014<\/td><td class=\"column-3\">Valdeir Jos\u00e9 Silva<\/td>\n<\/tr>\n<tr class=\"row-17\">\n\t<td class=\"column-1\">Giovani Henrique Morandin<\/td><td class=\"column-2\">2003<\/td><td class=\"column-3\">Cleri Nunes da Cruz Duran<\/td>\n<\/tr>\n<tr class=\"row-18\">\n\t<td class=\"column-1\">Guiomar Aparecida Costa Paro<\/td><td class=\"column-2\">2014<\/td><td class=\"column-3\">Cleri Nunes da Cruz Duram<\/td>\n<\/tr>\n<tr class=\"row-19\">\n\t<td class=\"column-1\">Hermenegiido Baldin<\/td><td class=\"column-2\">2003<\/td><td class=\"column-3\">Jo\u00e3o Fl\u00e1vio Binhardi<\/td>\n<\/tr>\n<tr class=\"row-20\">\n\t<td class=\"column-1\">Idhimar Sebasti\u00e3o Stefanin<\/td><td class=\"column-2\">2014<\/td><td class=\"column-3\">Paulo C\u00e9sar Rizato<\/td>\n<\/tr>\n<tr class=\"row-21\">\n\t<td class=\"column-1\">Irceu Fagundes<\/td><td class=\"column-2\">2002<\/td><td class=\"column-3\">Ant\u00f4nio da Silva<\/td>\n<\/tr>\n<tr class=\"row-22\">\n\t<td class=\"column-1\">Joana Ang\u00e9lica dos Santos Pereira<\/td><td class=\"column-2\">2025<\/td><td class=\"column-3\">Victor Hugo Moda de Almeida<\/td>\n<\/tr>\n<tr class=\"row-23\">\n\t<td class=\"column-1\">Jo\u00e3o Adriano Filho<\/td><td class=\"column-2\">2025<\/td><td class=\"column-3\">Edevair de Melo Silva<\/td>\n<\/tr>\n<tr class=\"row-24\">\n\t<td class=\"column-1\">Jo\u00e3o Cineli<\/td><td class=\"column-2\">2014<\/td><td class=\"column-3\">Ant\u00f4nio C\u00e9lio Gon\u00e7alez<\/td>\n<\/tr>\n<tr class=\"row-25\">\n\t<td class=\"column-1\">Jo\u00e3o Fl\u00e1vio Binhardi<\/td><td class=\"column-2\">2014<\/td><td class=\"column-3\">Alexandre Donizete Lopes<\/td>\n<\/tr>\n<tr class=\"row-26\">\n\t<td class=\"column-1\">Jo\u00e3o Martins Ortega<\/td><td class=\"column-2\">2002<\/td><td class=\"column-3\">La\u00e9rcio Ribeiro de Novaes<\/td>\n<\/tr>\n<tr class=\"row-27\">\n\t<td class=\"column-1\">Jo\u00e3o Pereira Mesquita<\/td><td class=\"column-2\">2003<\/td><td class=\"column-3\">Mauro Ant\u00f4nio Praxedes<\/td>\n<\/tr>\n<tr class=\"row-28\">\n\t<td class=\"column-1\">Jordilia de Lima Cavalini<\/td><td class=\"column-2\">2002<\/td><td class=\"column-3\">Carlos Alberto Savazzi<\/td>\n<\/tr>\n<tr class=\"row-29\">\n\t<td class=\"column-1\">Jos\u00e9 Felisbino dos Santos<\/td><td class=\"column-2\">2002<\/td><td class=\"column-3\">Sandra Maria da Cntz<\/td>\n<\/tr>\n<tr class=\"row-30\">\n\t<td class=\"column-1\">Jos\u00e9 Lisboa da Silva<\/td><td class=\"column-2\">2004<\/td><td class=\"column-3\">Ant\u00f4nio da Silva<\/td>\n<\/tr>\n<tr class=\"row-31\">\n\t<td class=\"column-1\">Jos\u00e9 Morandin<\/td><td class=\"column-2\">2003<\/td><td class=\"column-3\">Carlos Alberto Savazzi<\/td>\n<\/tr>\n<tr class=\"row-32\">\n\t<td class=\"column-1\">Jos\u00e9 Rodrigues Sobrinho<\/td><td class=\"column-2\">2002<\/td><td class=\"column-3\">Cl\u00e1udio Tranqueira<\/td>\n<\/tr>\n<tr class=\"row-33\">\n\t<td class=\"column-1\">Jos\u00e9 Savazzi<\/td><td class=\"column-2\">2004<\/td><td class=\"column-3\">Carlos Alberto Savazzi<\/td>\n<\/tr>\n<tr class=\"row-34\">\n\t<td class=\"column-1\">Jos\u00e9 Torrente Diogo de Farias<\/td><td class=\"column-2\">2014<\/td><td class=\"column-3\">Claudenir Tonelotti<\/td>\n<\/tr>\n<tr class=\"row-35\">\n\t<td class=\"column-1\">Luiz Silv\u00e9rio Quadrelli<\/td><td class=\"column-2\">2002<\/td><td class=\"column-3\">Jo\u00e3o Cineli<\/td>\n<\/tr>\n<tr class=\"row-36\">\n\t<td class=\"column-1\">Malvina Fuzzati da Silva<\/td><td class=\"column-2\">2014<\/td><td class=\"column-3\">Agnaldo Rodrigues da Silva<\/td>\n<\/tr>\n<tr class=\"row-37\">\n\t<td class=\"column-1\">Maria In\u00eas da Silva<\/td><td class=\"column-2\">2025<\/td><td class=\"column-3\">Daiane Aparecida da Silva Moreira<\/td>\n<\/tr>\n<tr class=\"row-38\">\n\t<td class=\"column-1\">Mathias Chanes Casquel<\/td><td class=\"column-2\">2003<\/td><td class=\"column-3\">Cl\u00e1udio Tranqueira<\/td>\n<\/tr>\n<tr class=\"row-39\">\n\t<td class=\"column-1\">Miguel Alves Soares<\/td><td class=\"column-2\">2004<\/td><td class=\"column-3\">Jo\u00e3o Cineli<\/td>\n<\/tr>\n<tr class=\"row-40\">\n\t<td class=\"column-1\">Moacir Terrin<\/td><td class=\"column-2\">2004<\/td><td class=\"column-3\">La\u00e9rcio Ribeiro de Novaes<\/td>\n<\/tr>\n<tr class=\"row-41\">\n\t<td class=\"column-1\">Orivaldo Rizzato<\/td><td class=\"column-2\">2004<\/td><td class=\"column-3\">Cleri Nunes da Cruz Duran<\/td>\n<\/tr>\n<tr class=\"row-42\">\n\t<td class=\"column-1\">Osvaldo Padilha Feltrin<\/td><td class=\"column-2\">2004<\/td><td class=\"column-3\">Jo\u00e3o Fl\u00e1vio Binhardi<\/td>\n<\/tr>\n<tr class=\"row-43\">\n\t<td class=\"column-1\">Osvaldo Stefanin<\/td><td class=\"column-2\">2003<\/td><td class=\"column-3\">Jo\u00e3o Cineli<\/td>\n<\/tr>\n<tr class=\"row-44\">\n\t<td class=\"column-1\">Pedro Alberto Morandin<\/td><td class=\"column-2\">2004<\/td><td class=\"column-3\">Cl\u00e1udio Tranqueira<\/td>\n<\/tr>\n<tr class=\"row-45\">\n\t<td class=\"column-1\">Rui Balbo<\/td><td class=\"column-2\">2003<\/td><td class=\"column-3\">Sandra Maria da Cruz<\/td>\n<\/tr>\n<tr class=\"row-46\">\n\t<td class=\"column-1\">Sandra Maria da Cruz<\/td><td class=\"column-2\">2025<\/td><td class=\"column-3\">Rafael Alexandre Tavares<\/td>\n<\/tr>\n<\/tbody>\n<\/table>\n<!-- #tablepress-1 from cache --><\/div>\n\t\t\t\t\t\t<\/div>\n\t\t\t\t<\/div>\n\t\t\t\t\t<\/div>\n\t\t\t\t<\/div>\n\t\t\t\t<\/div>\n\t\t","protected":false},"excerpt":{"rendered":"<p>A Medalha XIX de Mar\u00e7o \u00e9 uma das mais relevantes distin\u00e7\u00f5es honor\u00edficas concedidas pela C\u00e2mara Municipal de Meridiano, sendo reconhecida como a segunda maior honraria outorgada pelo Poder Legislativo local. Regulamentada pela Resolu\u00e7\u00e3o n\u00ba 3, de 05 de dezembro de 2023, que institui o Regimento de Honrarias Legislativas da C\u00e2mara Municipal de Meridiano, a comenda [&hellip;]<\/p>\n","protected":false},"author":1,"featured_media":0,"parent":10805,"menu_order":0,"comment_status":"closed","ping_status":"closed","template":"","meta":{"om_disable_all_campaigns":false,"_monsterinsights_skip_tracking":false,"_monsterinsights_sitenote_active":false,"_monsterinsights_sitenote_note":"","_monsterinsights_sitenote_category":0,"footnotes":""},"class_list":["post-11737","page","type-page","status-publish","hentry"],"blocksy_meta":[],"aioseo_notices":[],"_links":{"self":[{"href":"https:\/\/camarameridiano.sp.gov.br\/site\/wp-json\/wp\/v2\/pages\/11737","targetHints":{"allow":["GET"]}}],"collection":[{"href":"https:\/\/camarameridiano.sp.gov.br\/site\/wp-json\/wp\/v2\/pages"}],"about":[{"href":"https:\/\/camarameridiano.sp.gov.br\/site\/wp-json\/wp\/v2\/types\/page"}],"author":[{"embeddable":true,"href":"https:\/\/camarameridiano.sp.gov.br\/site\/wp-json\/wp\/v2\/users\/1"}],"replies":[{"embeddable":true,"href":"https:\/\/camarameridiano.sp.gov.br\/site\/wp-json\/wp\/v2\/comments?post=11737"}],"version-history":[{"count":5,"href":"https:\/\/camarameridiano.sp.gov.br\/site\/wp-json\/wp\/v2\/pages\/11737\/revisions"}],"predecessor-version":[{"id":11743,"href":"https:\/\/camarameridiano.sp.gov.br\/site\/wp-json\/wp\/v2\/pages\/11737\/revisions\/11743"}],"up":[{"embeddable":true,"href":"https:\/\/camarameridiano.sp.gov.br\/site\/wp-json\/wp\/v2\/pages\/10805"}],"wp:attachment":[{"href":"https:\/\/camarameridiano.sp.gov.br\/site\/wp-json\/wp\/v2\/media?parent=11737"}],"curies":[{"name":"wp","href":"https:\/\/api.w.org\/{rel}","templated":true}]}}