{"id":11726,"date":"2026-02-26T09:53:26","date_gmt":"2026-02-26T12:53:26","guid":{"rendered":"https:\/\/camarameridiano.sp.gov.br\/site\/?page_id=11726"},"modified":"2026-03-06T11:00:14","modified_gmt":"2026-03-06T14:00:14","slug":"emendas-parlamentares-impositivas-municipais","status":"publish","type":"page","link":"https:\/\/camarameridiano.sp.gov.br\/site\/gestao-e-atividades\/emendas-parlamentares-impositivas-municipais\/","title":{"rendered":"Emendas Parlamentares Impositivas Municipais"},"content":{"rendered":"\t\t<div data-elementor-type=\"wp-page\" data-elementor-id=\"11726\" class=\"elementor elementor-11726\" data-elementor-post-type=\"page\">\n\t\t\t\t\t\t<section class=\"elementor-section elementor-top-section elementor-element elementor-element-96788c9 elementor-section-boxed elementor-section-height-default elementor-section-height-default\" data-id=\"96788c9\" data-element_type=\"section\" data-e-type=\"section\">\n\t\t\t\t\t\t<div class=\"elementor-container elementor-column-gap-default\">\n\t\t\t\t\t<div class=\"elementor-column elementor-col-100 elementor-top-column elementor-element elementor-element-d51140a\" data-id=\"d51140a\" data-element_type=\"column\" data-e-type=\"column\">\n\t\t\t<div class=\"elementor-widget-wrap elementor-element-populated\">\n\t\t\t\t<div class=\"elementor-element elementor-element-64c563c e-grid e-con-boxed e-con e-parent\" data-id=\"64c563c\" data-element_type=\"container\" data-e-type=\"container\">\n\t\t\t\t\t<div class=\"e-con-inner\">\n\t\t\t\t<div class=\"elementor-element elementor-element-4f5958a elementor-view-stacked elementor-shape-rounded elementor-position-block-start elementor-mobile-position-block-start elementor-widget elementor-widget-icon-box\" data-id=\"4f5958a\" data-element_type=\"widget\" data-e-type=\"widget\" data-widget_type=\"icon-box.default\">\n\t\t\t\t<div class=\"elementor-widget-container\">\n\t\t\t\t\t\t\t<div class=\"elementor-icon-box-wrapper\">\n\n\t\t\t\t\t\t<div class=\"elementor-icon-box-icon\">\n\t\t\t\t<a href=\"https:\/\/sapl.meridiano.sp.leg.br\/materia\/pesquisar-materia?tipo=11&#038;ementa=emenda+impositiva&#038;numero=&#038;numeracao__numero_materia=&#038;numero_protocolo=&#038;ano=2024&#038;autoria__autor=&#038;autoria__primeiro_autor=unknown&#038;autoria__autor__tipo=&#038;autoria__autor__parlamentar_set__filiacao__partido=&#038;o=&#038;tipo_listagem=1&#038;tipo_origem_externa=&#038;numero_origem_externa=&#038;ano_origem_externa=&#038;data_origem_externa_0=&#038;data_origem_externa_1=&#038;local_origem_externa=&#038;data_apresentacao_0=&#038;data_apresentacao_1=&#038;data_publicacao_0=&#038;data_publicacao_1=&#038;relatoria__parlamentar_id=&#038;em_tramitacao=&#038;tramitacao__unidade_tramitacao_destino=&#038;tramitacao__status=&#038;materiaassunto__assunto=&#038;indexacao=&#038;regime_tramitacao=&#038;salvar=Pesquisar\" class=\"elementor-icon\" tabindex=\"-1\" aria-label=\"Emendas 2025\">\n\t\t\t\t<i aria-hidden=\"true\" class=\"fas fa-star\"><\/i>\t\t\t\t<\/a>\n\t\t\t<\/div>\n\t\t\t\n\t\t\t\t\t\t<div class=\"elementor-icon-box-content\">\n\n\t\t\t\t\t\t\t\t\t<h3 class=\"elementor-icon-box-title\">\n\t\t\t\t\t\t<a href=\"https:\/\/sapl.meridiano.sp.leg.br\/materia\/pesquisar-materia?tipo=11&#038;ementa=emenda+impositiva&#038;numero=&#038;numeracao__numero_materia=&#038;numero_protocolo=&#038;ano=2024&#038;autoria__autor=&#038;autoria__primeiro_autor=unknown&#038;autoria__autor__tipo=&#038;autoria__autor__parlamentar_set__filiacao__partido=&#038;o=&#038;tipo_listagem=1&#038;tipo_origem_externa=&#038;numero_origem_externa=&#038;ano_origem_externa=&#038;data_origem_externa_0=&#038;data_origem_externa_1=&#038;local_origem_externa=&#038;data_apresentacao_0=&#038;data_apresentacao_1=&#038;data_publicacao_0=&#038;data_publicacao_1=&#038;relatoria__parlamentar_id=&#038;em_tramitacao=&#038;tramitacao__unidade_tramitacao_destino=&#038;tramitacao__status=&#038;materiaassunto__assunto=&#038;indexacao=&#038;regime_tramitacao=&#038;salvar=Pesquisar\" >\n\t\t\t\t\t\t\tEmendas 2025\t\t\t\t\t\t<\/a>\n\t\t\t\t\t<\/h3>\n\t\t\t\t\n\t\t\t\t\n\t\t\t<\/div>\n\t\t\t\n\t\t<\/div>\n\t\t\t\t\t\t<\/div>\n\t\t\t\t<\/div>\n\t\t\t\t<div class=\"elementor-element elementor-element-b156e25 elementor-view-stacked elementor-shape-rounded elementor-position-block-start elementor-mobile-position-block-start elementor-widget elementor-widget-icon-box\" data-id=\"b156e25\" data-element_type=\"widget\" data-e-type=\"widget\" data-widget_type=\"icon-box.default\">\n\t\t\t\t<div class=\"elementor-widget-container\">\n\t\t\t\t\t\t\t<div class=\"elementor-icon-box-wrapper\">\n\n\t\t\t\t\t\t<div class=\"elementor-icon-box-icon\">\n\t\t\t\t<a href=\"https:\/\/sapl.meridiano.sp.leg.br\/materia\/pesquisar-materia?tipo=11&#038;ementa=emenda+impositiva&#038;numero=&#038;numeracao__numero_materia=&#038;numero_protocolo=&#038;ano=2025&#038;autoria__autor=&#038;autoria__primeiro_autor=unknown&#038;autoria__autor__tipo=&#038;autoria__autor__parlamentar_set__filiacao__partido=&#038;o=&#038;tipo_listagem=1&#038;tipo_origem_externa=&#038;numero_origem_externa=&#038;ano_origem_externa=&#038;data_origem_externa_0=&#038;data_origem_externa_1=&#038;local_origem_externa=&#038;data_apresentacao_0=&#038;data_apresentacao_1=&#038;data_publicacao_0=&#038;data_publicacao_1=&#038;relatoria__parlamentar_id=&#038;em_tramitacao=&#038;tramitacao__unidade_tramitacao_destino=&#038;tramitacao__status=&#038;materiaassunto__assunto=&#038;indexacao=&#038;regime_tramitacao=&#038;salvar=Pesquisar\" class=\"elementor-icon\" tabindex=\"-1\" aria-label=\"Emendas 2026\">\n\t\t\t\t<i aria-hidden=\"true\" class=\"fas fa-star\"><\/i>\t\t\t\t<\/a>\n\t\t\t<\/div>\n\t\t\t\n\t\t\t\t\t\t<div class=\"elementor-icon-box-content\">\n\n\t\t\t\t\t\t\t\t\t<h3 class=\"elementor-icon-box-title\">\n\t\t\t\t\t\t<a href=\"https:\/\/sapl.meridiano.sp.leg.br\/materia\/pesquisar-materia?tipo=11&#038;ementa=emenda+impositiva&#038;numero=&#038;numeracao__numero_materia=&#038;numero_protocolo=&#038;ano=2025&#038;autoria__autor=&#038;autoria__primeiro_autor=unknown&#038;autoria__autor__tipo=&#038;autoria__autor__parlamentar_set__filiacao__partido=&#038;o=&#038;tipo_listagem=1&#038;tipo_origem_externa=&#038;numero_origem_externa=&#038;ano_origem_externa=&#038;data_origem_externa_0=&#038;data_origem_externa_1=&#038;local_origem_externa=&#038;data_apresentacao_0=&#038;data_apresentacao_1=&#038;data_publicacao_0=&#038;data_publicacao_1=&#038;relatoria__parlamentar_id=&#038;em_tramitacao=&#038;tramitacao__unidade_tramitacao_destino=&#038;tramitacao__status=&#038;materiaassunto__assunto=&#038;indexacao=&#038;regime_tramitacao=&#038;salvar=Pesquisar\" >\n\t\t\t\t\t\t\tEmendas 2026\t\t\t\t\t\t<\/a>\n\t\t\t\t\t<\/h3>\n\t\t\t\t\n\t\t\t\t\n\t\t\t<\/div>\n\t\t\t\n\t\t<\/div>\n\t\t\t\t\t\t<\/div>\n\t\t\t\t<\/div>\n\t\t\t\t\t<\/div>\n\t\t\t\t<\/div>\n\t\t\t\t<div class=\"elementor-element elementor-element-564d1ae elementor-widget elementor-widget-text-editor\" data-id=\"564d1ae\" data-element_type=\"widget\" data-e-type=\"widget\" data-widget_type=\"text-editor.default\">\n\t\t\t\t<div class=\"elementor-widget-container\">\n\t\t\t\t\t\t\t\t\t<p>A participa\u00e7\u00e3o do Poder Legislativo na elabora\u00e7\u00e3o do or\u00e7amento municipal \u00e9 um dos instrumentos mais relevantes de fortalecimento da democracia local. Entre esses mecanismos est\u00e3o as <strong data-start=\"341\" data-end=\"378\">emendas parlamentares impositivas<\/strong>, previstas na Lei Org\u00e2nica do Munic\u00edpio.<\/p><p>Abaixo, segue uma explica\u00e7\u00e3o objetiva em formato de perguntas e respostas.<\/p>\t\t\t\t\t\t\t\t<\/div>\n\t\t\t\t<\/div>\n\t\t\t\t\t<\/div>\n\t\t<\/div>\n\t\t\t\t\t<\/div>\n\t\t<\/section>\n\t\t<div class=\"elementor-element elementor-element-bfaccfc e-flex e-con-boxed e-con e-parent\" data-id=\"bfaccfc\" data-element_type=\"container\" data-e-type=\"container\">\n\t\t\t\t\t<div class=\"e-con-inner\">\n\t\t\t\t<div class=\"elementor-element elementor-element-2ebf6f6 elementor-widget elementor-widget-toggle\" data-id=\"2ebf6f6\" data-element_type=\"widget\" data-e-type=\"widget\" data-widget_type=\"toggle.default\">\n\t\t\t\t<div class=\"elementor-widget-container\">\n\t\t\t\t\t\t\t<div class=\"elementor-toggle\">\n\t\t\t\t\t\t\t<div class=\"elementor-toggle-item\">\n\t\t\t\t\t<div id=\"elementor-tab-title-4901\" class=\"elementor-tab-title\" data-tab=\"1\" role=\"button\" aria-controls=\"elementor-tab-content-4901\" aria-expanded=\"false\">\n\t\t\t\t\t\t\t\t\t\t\t\t<span class=\"elementor-toggle-icon elementor-toggle-icon-left\" aria-hidden=\"true\">\n\t\t\t\t\t\t\t\t\t\t\t\t\t\t\t<span class=\"elementor-toggle-icon-closed\"><i class=\"fas fa-caret-right\"><\/i><\/span>\n\t\t\t\t\t\t\t\t<span class=\"elementor-toggle-icon-opened\"><i class=\"elementor-toggle-icon-opened fas fa-caret-up\"><\/i><\/span>\n\t\t\t\t\t\t\t\t\t\t\t\t\t<\/span>\n\t\t\t\t\t\t\t\t\t\t\t\t<a class=\"elementor-toggle-title\" tabindex=\"0\">1) O que \u00e9 uma emenda a um projeto de lei?\u200b<\/a>\n\t\t\t\t\t<\/div>\n\n\t\t\t\t\t<div id=\"elementor-tab-content-4901\" class=\"elementor-tab-content elementor-clearfix\" data-tab=\"1\" role=\"region\" aria-labelledby=\"elementor-tab-title-4901\"><p data-start=\"550\" data-end=\"690\">Uma <strong data-start=\"554\" data-end=\"564\">emenda<\/strong> \u00e9 uma proposta de modifica\u00e7\u00e3o apresentada por um vereador (ou comiss\u00e3o) a um projeto de lei que est\u00e1 em tramita\u00e7\u00e3o na C\u00e2mara.<\/p><p data-start=\"692\" data-end=\"701\">Ela pode:<\/p><ul data-start=\"702\" data-end=\"802\"><li data-start=\"702\" data-end=\"729\"><p data-start=\"704\" data-end=\"729\">Acrescentar dispositivos;<\/p><\/li><li data-start=\"730\" data-end=\"749\"><p data-start=\"732\" data-end=\"749\">Suprimir trechos;<\/p><\/li><li data-start=\"750\" data-end=\"768\"><p data-start=\"752\" data-end=\"768\">Alterar reda\u00e7\u00e3o;<\/p><\/li><li data-start=\"769\" data-end=\"802\"><p data-start=\"771\" data-end=\"802\">Ajustar valores ou destina\u00e7\u00f5es.<\/p><\/li><\/ul><p data-start=\"804\" data-end=\"929\">Ou seja, a emenda \u00e9 o instrumento pelo qual o parlamentar participa ativamente do aperfei\u00e7oamento das propostas legislativas.<\/p><\/div>\n\t\t\t\t<\/div>\n\t\t\t\t\t\t\t<div class=\"elementor-toggle-item\">\n\t\t\t\t\t<div id=\"elementor-tab-title-4902\" class=\"elementor-tab-title\" data-tab=\"2\" role=\"button\" aria-controls=\"elementor-tab-content-4902\" aria-expanded=\"false\">\n\t\t\t\t\t\t\t\t\t\t\t\t<span class=\"elementor-toggle-icon elementor-toggle-icon-left\" aria-hidden=\"true\">\n\t\t\t\t\t\t\t\t\t\t\t\t\t\t\t<span class=\"elementor-toggle-icon-closed\"><i class=\"fas fa-caret-right\"><\/i><\/span>\n\t\t\t\t\t\t\t\t<span class=\"elementor-toggle-icon-opened\"><i class=\"elementor-toggle-icon-opened fas fa-caret-up\"><\/i><\/span>\n\t\t\t\t\t\t\t\t\t\t\t\t\t<\/span>\n\t\t\t\t\t\t\t\t\t\t\t\t<a class=\"elementor-toggle-title\" tabindex=\"0\">2) O Projeto de Lei do Or\u00e7amento passa pela C\u00e2mara?\u200b<\/a>\n\t\t\t\t\t<\/div>\n\n\t\t\t\t\t<div id=\"elementor-tab-content-4902\" class=\"elementor-tab-content elementor-clearfix\" data-tab=\"2\" role=\"region\" aria-labelledby=\"elementor-tab-title-4902\"><p data-start=\"993\" data-end=\"1178\">Sim. Todos os anos, o Poder Executivo encaminha \u00e0 C\u00e2mara o <strong data-start=\"1052\" data-end=\"1095\">Projeto de Lei Or\u00e7ament\u00e1ria Anual (LOA)<\/strong>, que estima as receitas e fixa as despesas do Munic\u00edpio para o exerc\u00edcio seguinte.<\/p><p data-start=\"1180\" data-end=\"1201\">Durante a tramita\u00e7\u00e3o:<\/p><ul data-start=\"1202\" data-end=\"1328\"><li data-start=\"1202\" data-end=\"1254\"><p data-start=\"1204\" data-end=\"1254\">O projeto \u00e9 analisado pelas comiss\u00f5es competentes;<\/p><\/li><li data-start=\"1255\" data-end=\"1293\"><p data-start=\"1257\" data-end=\"1293\">Pode receber emendas dos vereadores;<\/p><\/li><li data-start=\"1294\" data-end=\"1328\"><p data-start=\"1296\" data-end=\"1328\">\u00c9 debatido e votado em plen\u00e1rio.<\/p><\/li><\/ul><p data-start=\"1330\" data-end=\"1445\">Portanto, o or\u00e7amento municipal n\u00e3o \u00e9 apenas elaborado pelo Executivo \u2014 ele tamb\u00e9m passa pelo crivo do Legislativo.<\/p><\/div>\n\t\t\t\t<\/div>\n\t\t\t\t\t\t\t<div class=\"elementor-toggle-item\">\n\t\t\t\t\t<div id=\"elementor-tab-title-4903\" class=\"elementor-tab-title\" data-tab=\"3\" role=\"button\" aria-controls=\"elementor-tab-content-4903\" aria-expanded=\"false\">\n\t\t\t\t\t\t\t\t\t\t\t\t<span class=\"elementor-toggle-icon elementor-toggle-icon-left\" aria-hidden=\"true\">\n\t\t\t\t\t\t\t\t\t\t\t\t\t\t\t<span class=\"elementor-toggle-icon-closed\"><i class=\"fas fa-caret-right\"><\/i><\/span>\n\t\t\t\t\t\t\t\t<span class=\"elementor-toggle-icon-opened\"><i class=\"elementor-toggle-icon-opened fas fa-caret-up\"><\/i><\/span>\n\t\t\t\t\t\t\t\t\t\t\t\t\t<\/span>\n\t\t\t\t\t\t\t\t\t\t\t\t<a class=\"elementor-toggle-title\" tabindex=\"0\">3) O que s\u00e3o Emendas Parlamentares Impositivas?\u200b<\/a>\n\t\t\t\t\t<\/div>\n\n\t\t\t\t\t<div id=\"elementor-tab-content-4903\" class=\"elementor-tab-content elementor-clearfix\" data-tab=\"3\" role=\"region\" aria-labelledby=\"elementor-tab-title-4903\"><p data-start=\"1505\" data-end=\"1708\">As <strong data-start=\"1508\" data-end=\"1531\">emendas impositivas<\/strong> s\u00e3o emendas individuais apresentadas pelos vereadores ao Projeto da LOA cuja <strong data-start=\"1609\" data-end=\"1656\">execu\u00e7\u00e3o \u00e9 obrigat\u00f3ria pelo Poder Executivo<\/strong>, salvo impedimento t\u00e9cnico devidamente justificado.<\/p><p data-start=\"1710\" data-end=\"1857\">No Munic\u00edpio de Meridiano, elas est\u00e3o previstas no <strong data-start=\"1761\" data-end=\"1801\">art. 125-A da Lei Org\u00e2nica Municipal<\/strong>, inclu\u00eddo pela Emenda n\u00ba 11, de 05 de dezembro de 2023.<\/p><p data-start=\"1859\" data-end=\"1878\">Isso significa que:<\/p><ul data-start=\"1880\" data-end=\"2077\"><li data-start=\"1880\" data-end=\"1945\"><p data-start=\"1882\" data-end=\"1945\">Os vereadores podem indicar a destina\u00e7\u00e3o de parte do or\u00e7amento;<\/p><\/li><li data-start=\"1946\" data-end=\"2001\"><p data-start=\"1948\" data-end=\"2001\">O Executivo \u00e9 obrigado a executar essas programa\u00e7\u00f5es;<\/p><\/li><li data-start=\"2002\" data-end=\"2077\"><p data-start=\"2004\" data-end=\"2077\">O descumprimento injustificado pode configurar crime de responsabilidade.<\/p><\/li><\/ul><\/div>\n\t\t\t\t<\/div>\n\t\t\t\t\t\t\t<div class=\"elementor-toggle-item\">\n\t\t\t\t\t<div id=\"elementor-tab-title-4904\" class=\"elementor-tab-title\" data-tab=\"4\" role=\"button\" aria-controls=\"elementor-tab-content-4904\" aria-expanded=\"false\">\n\t\t\t\t\t\t\t\t\t\t\t\t<span class=\"elementor-toggle-icon elementor-toggle-icon-left\" aria-hidden=\"true\">\n\t\t\t\t\t\t\t\t\t\t\t\t\t\t\t<span class=\"elementor-toggle-icon-closed\"><i class=\"fas fa-caret-right\"><\/i><\/span>\n\t\t\t\t\t\t\t\t<span class=\"elementor-toggle-icon-opened\"><i class=\"elementor-toggle-icon-opened fas fa-caret-up\"><\/i><\/span>\n\t\t\t\t\t\t\t\t\t\t\t\t\t<\/span>\n\t\t\t\t\t\t\t\t\t\t\t\t<a class=\"elementor-toggle-title\" tabindex=\"0\">4) Qual \u00e9 o limite das emendas impositivas em Meridiano?\u200b<\/a>\n\t\t\t\t\t<\/div>\n\n\t\t\t\t\t<div id=\"elementor-tab-content-4904\" class=\"elementor-tab-content elementor-clearfix\" data-tab=\"4\" role=\"region\" aria-labelledby=\"elementor-tab-title-4904\"><p data-start=\"2146\" data-end=\"2175\">Conforme o \u00a71\u00ba do art. 125-A:<\/p><ul data-start=\"2177\" data-end=\"2468\"><li data-start=\"2177\" data-end=\"2300\"><p data-start=\"2179\" data-end=\"2300\">O total das emendas individuais corresponde a <strong data-start=\"2225\" data-end=\"2267\">1,2% da Receita Corrente L\u00edquida (RCL)<\/strong> realizada no exerc\u00edcio anterior;<\/p><\/li><li data-start=\"2301\" data-end=\"2375\"><p data-start=\"2303\" data-end=\"2375\">Esse percentual \u00e9 dividido <strong data-start=\"2330\" data-end=\"2374\">de forma igual entre todos os vereadores<\/strong>;<\/p><\/li><li data-start=\"2376\" data-end=\"2468\"><p data-start=\"2378\" data-end=\"2468\"><strong data-start=\"2378\" data-end=\"2468\">Metade obrigatoriamente (50%) deve ser destinada a a\u00e7\u00f5es e servi\u00e7os p\u00fablicos de sa\u00fade.<\/strong><\/p><\/li><\/ul><p data-start=\"2470\" data-end=\"2559\">Exemplo pr\u00e1tico:<br data-start=\"2486\" data-end=\"2489\" \/>Se a Receita Corrente L\u00edquida do ano anterior for de R$ 20.000.000,00:<\/p><ul data-start=\"2561\" data-end=\"2734\"><li data-start=\"2561\" data-end=\"2622\"><p data-start=\"2563\" data-end=\"2622\">1,2% = R$ 240.000,00 (valor total das emendas individuais);<\/p><\/li><li data-start=\"2623\" data-end=\"2681\"><p data-start=\"2625\" data-end=\"2681\">Esse montante \u00e9 dividido igualmente entre os vereadores;<\/p><\/li><li data-start=\"2682\" data-end=\"2734\"><p data-start=\"2684\" data-end=\"2734\">50% da cota individual deve ser aplicada na sa\u00fade.<\/p><\/li><\/ul><\/div>\n\t\t\t\t<\/div>\n\t\t\t\t\t\t\t<div class=\"elementor-toggle-item\">\n\t\t\t\t\t<div id=\"elementor-tab-title-4905\" class=\"elementor-tab-title\" data-tab=\"5\" role=\"button\" aria-controls=\"elementor-tab-content-4905\" aria-expanded=\"false\">\n\t\t\t\t\t\t\t\t\t\t\t\t<span class=\"elementor-toggle-icon elementor-toggle-icon-left\" aria-hidden=\"true\">\n\t\t\t\t\t\t\t\t\t\t\t\t\t\t\t<span class=\"elementor-toggle-icon-closed\"><i class=\"fas fa-caret-right\"><\/i><\/span>\n\t\t\t\t\t\t\t\t<span class=\"elementor-toggle-icon-opened\"><i class=\"elementor-toggle-icon-opened fas fa-caret-up\"><\/i><\/span>\n\t\t\t\t\t\t\t\t\t\t\t\t\t<\/span>\n\t\t\t\t\t\t\t\t\t\t\t\t<a class=\"elementor-toggle-title\" tabindex=\"0\">5) A execu\u00e7\u00e3o \u00e9 sempre obrigat\u00f3ria?\u200b<\/a>\n\t\t\t\t\t<\/div>\n\n\t\t\t\t\t<div id=\"elementor-tab-content-4905\" class=\"elementor-tab-content elementor-clearfix\" data-tab=\"5\" role=\"region\" aria-labelledby=\"elementor-tab-title-4905\"><p data-start=\"2782\" data-end=\"2890\">A regra \u00e9 a obrigatoriedade. Contudo, o \u00a72\u00ba prev\u00ea exce\u00e7\u00e3o para <strong data-start=\"2845\" data-end=\"2883\">impedimentos estritamente t\u00e9cnicos<\/strong>, como:<\/p><ul data-start=\"2892\" data-end=\"3045\"><li data-start=\"2892\" data-end=\"2917\"><p data-start=\"2894\" data-end=\"2917\">Inviabilidade jur\u00eddica;<\/p><\/li><li data-start=\"2918\" data-end=\"2948\"><p data-start=\"2920\" data-end=\"2948\">Aus\u00eancia de projeto t\u00e9cnico;<\/p><\/li><li data-start=\"2949\" data-end=\"2994\"><p data-start=\"2951\" data-end=\"2994\">Incompatibilidade com normas or\u00e7ament\u00e1rias;<\/p><\/li><li data-start=\"2995\" data-end=\"3045\"><p data-start=\"2997\" data-end=\"3045\">Problemas formais que impossibilitem a execu\u00e7\u00e3o.<\/p><\/li><\/ul><p data-start=\"3047\" data-end=\"3158\">Nesses casos, deve haver an\u00e1lise t\u00e9cnica conforme cronograma definido na Lei de Diretrizes Or\u00e7ament\u00e1rias (LDO).<\/p><\/div>\n\t\t\t\t<\/div>\n\t\t\t\t\t\t\t<div class=\"elementor-toggle-item\">\n\t\t\t\t\t<div id=\"elementor-tab-title-4906\" class=\"elementor-tab-title\" data-tab=\"6\" role=\"button\" aria-controls=\"elementor-tab-content-4906\" aria-expanded=\"false\">\n\t\t\t\t\t\t\t\t\t\t\t\t<span class=\"elementor-toggle-icon elementor-toggle-icon-left\" aria-hidden=\"true\">\n\t\t\t\t\t\t\t\t\t\t\t\t\t\t\t<span class=\"elementor-toggle-icon-closed\"><i class=\"fas fa-caret-right\"><\/i><\/span>\n\t\t\t\t\t\t\t\t<span class=\"elementor-toggle-icon-opened\"><i class=\"elementor-toggle-icon-opened fas fa-caret-up\"><\/i><\/span>\n\t\t\t\t\t\t\t\t\t\t\t\t\t<\/span>\n\t\t\t\t\t\t\t\t\t\t\t\t<a class=\"elementor-toggle-title\" tabindex=\"0\">6) Qual a finalidade das emendas impositivas?\u200b<\/a>\n\t\t\t\t\t<\/div>\n\n\t\t\t\t\t<div id=\"elementor-tab-content-4906\" class=\"elementor-tab-content elementor-clearfix\" data-tab=\"6\" role=\"region\" aria-labelledby=\"elementor-tab-title-4906\"><p data-start=\"3595\" data-end=\"3618\">As emendas impositivas:<\/p><ul data-start=\"3620\" data-end=\"3896\"><li data-start=\"3620\" data-end=\"3680\"><p data-start=\"3622\" data-end=\"3680\">Aproximam o or\u00e7amento das necessidades reais da popula\u00e7\u00e3o;<\/p><\/li><li data-start=\"3681\" data-end=\"3751\"><p data-start=\"3683\" data-end=\"3751\">Permitem que os vereadores direcionem recursos para demandas locais;<\/p><\/li><li data-start=\"3752\" data-end=\"3818\"><p data-start=\"3754\" data-end=\"3818\">Fortalecem o papel fiscalizador e representativo do Legislativo;<\/p><\/li><li data-start=\"3819\" data-end=\"3896\"><p data-start=\"3821\" data-end=\"3896\">Garantem maior participa\u00e7\u00e3o pol\u00edtica na defini\u00e7\u00e3o das prioridades p\u00fablicas.<\/p><\/li><\/ul><p data-start=\"3898\" data-end=\"4114\">Em s\u00edntese, trata-se de um instrumento de equil\u00edbrio institucional, em que o Legislativo participa de forma concreta da aloca\u00e7\u00e3o de recursos p\u00fablicos, dentro de limites legais e com responsabilidade t\u00e9cnica e fiscal.<\/p><\/div>\n\t\t\t\t<\/div>\n\t\t\t\t\t\t\t\t<\/div>\n\t\t\t\t\t\t<\/div>\n\t\t\t\t<\/div>\n\t\t\t\t\t<\/div>\n\t\t\t\t<\/div>\n\t\t\t\t<\/div>\n\t\t","protected":false},"excerpt":{"rendered":"<p>Emendas 2025 Emendas 2026 A participa\u00e7\u00e3o do Poder Legislativo na elabora\u00e7\u00e3o do or\u00e7amento municipal \u00e9 um dos instrumentos mais relevantes de fortalecimento da democracia local. Entre esses mecanismos est\u00e3o as emendas parlamentares impositivas, previstas na Lei Org\u00e2nica do Munic\u00edpio. Abaixo, segue uma explica\u00e7\u00e3o objetiva em formato de perguntas e respostas. 1) O que \u00e9 uma [&hellip;]<\/p>\n","protected":false},"author":1,"featured_media":0,"parent":11107,"menu_order":0,"comment_status":"closed","ping_status":"closed","template":"","meta":{"om_disable_all_campaigns":false,"_monsterinsights_skip_tracking":false,"_monsterinsights_sitenote_active":false,"_monsterinsights_sitenote_note":"","_monsterinsights_sitenote_category":0,"footnotes":""},"class_list":["post-11726","page","type-page","status-publish","hentry"],"blocksy_meta":[],"aioseo_notices":[],"_links":{"self":[{"href":"https:\/\/camarameridiano.sp.gov.br\/site\/wp-json\/wp\/v2\/pages\/11726","targetHints":{"allow":["GET"]}}],"collection":[{"href":"https:\/\/camarameridiano.sp.gov.br\/site\/wp-json\/wp\/v2\/pages"}],"about":[{"href":"https:\/\/camarameridiano.sp.gov.br\/site\/wp-json\/wp\/v2\/types\/page"}],"author":[{"embeddable":true,"href":"https:\/\/camarameridiano.sp.gov.br\/site\/wp-json\/wp\/v2\/users\/1"}],"replies":[{"embeddable":true,"href":"https:\/\/camarameridiano.sp.gov.br\/site\/wp-json\/wp\/v2\/comments?post=11726"}],"version-history":[{"count":7,"href":"https:\/\/camarameridiano.sp.gov.br\/site\/wp-json\/wp\/v2\/pages\/11726\/revisions"}],"predecessor-version":[{"id":11768,"href":"https:\/\/camarameridiano.sp.gov.br\/site\/wp-json\/wp\/v2\/pages\/11726\/revisions\/11768"}],"up":[{"embeddable":true,"href":"https:\/\/camarameridiano.sp.gov.br\/site\/wp-json\/wp\/v2\/pages\/11107"}],"wp:attachment":[{"href":"https:\/\/camarameridiano.sp.gov.br\/site\/wp-json\/wp\/v2\/media?parent=11726"}],"curies":[{"name":"wp","href":"https:\/\/api.w.org\/{rel}","templated":true}]}}