{"id":11627,"date":"2025-11-07T15:30:36","date_gmt":"2025-11-07T18:30:36","guid":{"rendered":"https:\/\/camarameridiano.sp.gov.br\/site\/?page_id=11627"},"modified":"2025-11-11T09:10:38","modified_gmt":"2025-11-11T12:10:38","slug":"solicitacao","status":"publish","type":"page","link":"https:\/\/camarameridiano.sp.gov.br\/site\/uso-plenario\/solicitacao\/","title":{"rendered":"Solicita\u00e7\u00e3o de Uso de Plen\u00e1rio"},"content":{"rendered":"\n<div class=\"wpcf7 no-js\" id=\"wpcf7-f11628-o1\" lang=\"pt-BR\" dir=\"ltr\" data-wpcf7-id=\"11628\">\n<div class=\"screen-reader-response\"><p role=\"status\" aria-live=\"polite\" aria-atomic=\"true\"><\/p> <ul><\/ul><\/div>\n<form action=\"\/site\/wp-json\/wp\/v2\/pages\/11627#wpcf7-f11628-o1\" method=\"post\" class=\"wpcf7-form init\" aria-label=\"Formul\u00e1rios de contato\" novalidate=\"novalidate\" data-status=\"init\">\n<fieldset class=\"hidden-fields-container\"><input type=\"hidden\" name=\"_wpcf7\" value=\"11628\" \/><input type=\"hidden\" name=\"_wpcf7_version\" value=\"6.1.5\" \/><input type=\"hidden\" name=\"_wpcf7_locale\" value=\"pt_BR\" \/><input type=\"hidden\" name=\"_wpcf7_unit_tag\" value=\"wpcf7-f11628-o1\" \/><input type=\"hidden\" name=\"_wpcf7_container_post\" value=\"0\" \/><input type=\"hidden\" name=\"_wpcf7_posted_data_hash\" value=\"\" \/><input type=\"hidden\" name=\"_wpcf7cf_hidden_group_fields\" value=\"[]\" \/><input type=\"hidden\" name=\"_wpcf7cf_hidden_groups\" value=\"[]\" \/><input type=\"hidden\" name=\"_wpcf7cf_visible_groups\" value=\"[]\" \/><input type=\"hidden\" name=\"_wpcf7cf_repeaters\" value=\"[]\" \/><input type=\"hidden\" name=\"_wpcf7cf_steps\" value=\"{}\" \/><input type=\"hidden\" name=\"_wpcf7cf_options\" value=\"{&quot;form_id&quot;:11628,&quot;conditions&quot;:[],&quot;settings&quot;:{&quot;animation&quot;:&quot;yes&quot;,&quot;animation_intime&quot;:200,&quot;animation_outtime&quot;:200,&quot;conditions_ui&quot;:&quot;normal&quot;,&quot;notice_dismissed&quot;:false}}\" \/><input type=\"hidden\" name=\"_wpcf7_recaptcha_response\" value=\"\" \/>\n<\/fieldset>\n<h4>I - IDENTIFICA\u00c7\u00c3O\n<\/h4>\n<p><label><b>Nome completo do requerente<\/b><br \/>\n<span class=\"wpcf7-form-control-wrap\" data-name=\"nome\"><input size=\"40\" maxlength=\"400\" class=\"wpcf7-form-control wpcf7-text wpcf7-validates-as-required\" aria-required=\"true\" aria-invalid=\"false\" value=\"\" type=\"text\" name=\"nome\" \/><\/span> <\/label>\n<\/p>\n<p><label><b>CPF do requerente<\/b><br \/>\n<span class=\"wpcf7-form-control-wrap\" data-name=\"cpf\"><input size=\"40\" maxlength=\"400\" class=\"wpcf7-form-control wpcf7-tel wpcf7-validates-as-required wpcf7-text wpcf7-validates-as-tel cpf\" aria-required=\"true\" aria-invalid=\"false\" placeholder=\"\" value=\"\" type=\"tel\" name=\"cpf\" \/><\/span><\/label>\n<\/p>\n<p><label><b>\u00d3rg\u00e3o\/Entidade do requerente<\/b><br \/>\n<span class=\"wpcf7-form-control-wrap\" data-name=\"instituicao\"><input size=\"40\" maxlength=\"400\" class=\"wpcf7-form-control wpcf7-text wpcf7-validates-as-required\" aria-required=\"true\" aria-invalid=\"false\" value=\"\" type=\"text\" name=\"instituicao\" \/><\/span> <\/label>\n<\/p>\n<p><label><b>Qual o tipo da entidade?<\/b><br \/>\n<span class=\"wpcf7-form-control-wrap\" data-name=\"tipo-instituicao\"><select class=\"wpcf7-form-control wpcf7-select wpcf7-validates-as-required\" aria-required=\"true\" aria-invalid=\"false\" name=\"tipo-instituicao\"><option value=\"Entidades e organiza\u00e7\u00f5es da sociedade civil\">Entidades e organiza\u00e7\u00f5es da sociedade civil<\/option><option value=\"Entidades e \u00f3rg\u00e3os da administra\u00e7\u00e3o p\u00fablica direta e indireta\">Entidades e \u00f3rg\u00e3os da administra\u00e7\u00e3o p\u00fablica direta e indireta<\/option><option value=\"Partido pol\u00edtico regularmente registrados na Justi\u00e7a Eleitoral\">Partido pol\u00edtico regularmente registrados na Justi\u00e7a Eleitoral<\/option><\/select><\/span><\/label>\n<\/p>\n<p><label><b>Telefone de contato<\/b><br \/>\n<span class=\"wpcf7-form-control-wrap\" data-name=\"telefone\"><input size=\"40\" maxlength=\"400\" class=\"wpcf7-form-control wpcf7-tel wpcf7-validates-as-required wpcf7-text wpcf7-validates-as-tel phone\" aria-required=\"true\" aria-invalid=\"false\" placeholder=\"\" value=\"\" type=\"tel\" name=\"telefone\" \/><\/span><\/label>\n<\/p>\n<p><label><b>E-mail<\/b><br \/>\n<span class=\"wpcf7-form-control-wrap\" data-name=\"verification\"><input size=\"40\" maxlength=\"400\" class=\"wpcf7-form-control wpcf7-email wpcf7-validates-as-required wpcf7-text wpcf7-validates-as-email\" aria-required=\"true\" aria-invalid=\"false\" value=\"\" type=\"email\" name=\"verification\" \/><\/span><\/label>\n<\/p>\n<p><label><b>C\u00f3digo de verifica\u00e7\u00e3o do e-mail<\/b><br \/>\n<span class=\"wpcf7-form-control-wrap\" data-name=\"verification-otp\"><input size=\"40\" maxlength=\"400\" class=\"wpcf7-form-control wpcf7-text wpcf7-validates-as-required\" aria-required=\"true\" aria-invalid=\"false\" value=\"\" type=\"text\" name=\"verification-otp\" \/><\/span><\/label>\n<\/p>\n<p>&nbsp;\n<\/p>\n<h4>II - EVENTO\n<\/h4>\n<p><label><b>Qual o nome ou t\u00edtulo do evento que ser\u00e1 realizado?<\/b><br \/>\n<span class=\"wpcf7-form-control-wrap\" data-name=\"evento\"><input size=\"40\" maxlength=\"400\" class=\"wpcf7-form-control wpcf7-text wpcf7-validates-as-required\" aria-required=\"true\" aria-invalid=\"false\" value=\"\" type=\"text\" name=\"evento\" \/><\/span> <\/label>\n<\/p>\n<p><label><b>Qual a natureza\/finalidade do evento?<\/b><br \/>\n<span class=\"wpcf7-form-control-wrap\" data-name=\"finalidade-evento\"><select class=\"wpcf7-form-control wpcf7-select wpcf7-validates-as-required\" aria-required=\"true\" aria-invalid=\"false\" name=\"finalidade-evento\"><option value=\"Confer\u00eancia\">Confer\u00eancia<\/option><option value=\"Congresso\">Congresso<\/option><option value=\"Conven\u00e7\u00e3o Partid\u00e1ria\">Conven\u00e7\u00e3o Partid\u00e1ria<\/option><option value=\"Curso\">Curso<\/option><option value=\"Espet\u00e1culo art\u00edstico cultural\">Espet\u00e1culo art\u00edstico cultural<\/option><option value=\"Jornada\">Jornada<\/option><option value=\"Palestra\">Palestra<\/option><option value=\"Reuni\u00e3o\">Reuni\u00e3o<\/option><option value=\"Semin\u00e1rio\">Semin\u00e1rio<\/option><option value=\"Simp\u00f3sio\">Simp\u00f3sio<\/option><option value=\"Solenidade\">Solenidade<\/option><option value=\"Vel\u00f3rio de Prefeito e Vice-Prefeito ou Vereador que tenham exercido cargo no munic\u00edpio\">Vel\u00f3rio de Prefeito e Vice-Prefeito ou Vereador que tenham exercido cargo no munic\u00edpio<\/option><\/select><\/span><\/label>\n<\/p>\n<p><label><b>Em que data o evento ser\u00e1 realizado?<\/b><br \/>\n<span class=\"wpcf7-form-control-wrap\" data-name=\"data\"><input size=\"40\" maxlength=\"400\" class=\"wpcf7-form-control wpcf7-tel wpcf7-validates-as-required wpcf7-text wpcf7-validates-as-tel date\" aria-required=\"true\" aria-invalid=\"false\" placeholder=\"\" value=\"\" type=\"tel\" name=\"data\" \/><\/span><br \/>\n\t\t<font color=\"#FF9900\"><i>O uso do plen\u00e1rio ser\u00e1 permitido apenas em dias de expediente da C\u00e2mara. A solicita\u00e7\u00e3o deve ser protocolada com, no m\u00ednimo, tr\u00eas dias de anteced\u00eancia.<\/i>\n\t\t<\/font><\/label>\n<\/p>\n<p><label><b>Qual o hor\u00e1rio de in\u00edcio do evento?<\/b><br \/>\n\t\t<font color=\"#FF9900\"><i>O uso do plen\u00e1rio ser\u00e1 permitido apenas durante o hor\u00e1rio de expediente da C\u00e2mara.<\/i>\n\t\t<\/font><br \/>\n<\/label>\n<\/p>\n<table border=\"1\" width=\"100%\" style=\"border-width: 0px\">\n\t<tr>\n\t\t<td>\n\t\t\t<p><span class=\"wpcf7-form-control-wrap\" data-name=\"hora-inicio\"><select class=\"wpcf7-form-control wpcf7-select wpcf7-validates-as-required\" aria-required=\"true\" aria-invalid=\"false\" name=\"hora-inicio\"><option value=\"8\">8<\/option><option value=\"9\">9<\/option><option value=\"10\">10<\/option><option value=\"11\">11<\/option><option value=\"12\">12<\/option><option value=\"13\">13<\/option><option value=\"14\">14<\/option><option value=\"15\">15<\/option><option value=\"16\">16<\/option><\/select><\/span>\n\t\t\t<\/p>\n\t\t<\/td>\n\t\t<td>\n\t\t\t<p><span class=\"wpcf7-form-control-wrap\" data-name=\"minuto-inicio\"><select class=\"wpcf7-form-control wpcf7-select wpcf7-validates-as-required\" aria-required=\"true\" aria-invalid=\"false\" name=\"minuto-inicio\"><option value=\"00\">00<\/option><option value=\"15\">15<\/option><option value=\"30\">30<\/option><option value=\"45\">45<\/option><\/select><\/span>\n\t\t\t<\/p>\n\t\t<\/td>\n\t<\/tr>\n<\/table>\n<p><label><b>Qual o hor\u00e1rio de t\u00e9rmino do evento?<\/b><br \/>\n<\/label>\n<\/p>\n<table border=\"1\" width=\"100%\" style=\"border-width: 0px\">\n\t<tr>\n\t\t<td>\n\t\t\t<p><span class=\"wpcf7-form-control-wrap\" data-name=\"hora-termino\"><select class=\"wpcf7-form-control wpcf7-select wpcf7-validates-as-required\" aria-required=\"true\" aria-invalid=\"false\" name=\"hora-termino\"><option value=\"9\">9<\/option><option value=\"10\">10<\/option><option value=\"11\">11<\/option><option value=\"12\">12<\/option><option value=\"13\">13<\/option><option value=\"14\">14<\/option><option value=\"15\">15<\/option><option value=\"16\">16<\/option><option value=\"17\">17<\/option><\/select><\/span>\n\t\t\t<\/p>\n\t\t<\/td>\n\t\t<td>\n\t\t\t<p><span class=\"wpcf7-form-control-wrap\" data-name=\"minuto-termino\"><select class=\"wpcf7-form-control wpcf7-select wpcf7-validates-as-required\" aria-required=\"true\" aria-invalid=\"false\" name=\"minuto-termino\"><option value=\"00\">00<\/option><option value=\"15\">15<\/option><option value=\"30\">30<\/option><option value=\"45\">45<\/option><\/select><\/span>\n\t\t\t<\/p>\n\t\t<\/td>\n\t<\/tr>\n<\/table>\n<p><label><b>Qual o n\u00famero de participantes previsto?<\/b><br \/>\n<span class=\"wpcf7-form-control-wrap\" data-name=\"publico\"><input class=\"wpcf7-form-control wpcf7-number wpcf7-validates-as-required wpcf7-validates-as-number\" max=\"40\" aria-required=\"true\" aria-invalid=\"false\" value=\"\" type=\"number\" name=\"publico\" \/><\/span><br \/>\n\t\t<font color=\"#FF9900\"><i>Conforme AVCB, lota\u00e7\u00e3o m\u00e1xima de 40 pessoas.<\/i>\n\t\t<\/font><\/label>\n<\/p>\n<p><label><b>Quais os materiais necess\u00e1rios para disponibiliza\u00e7\u00e3o?<\/b><br \/>\n<span class=\"wpcf7-form-control-wrap\" data-name=\"materiais\"><span class=\"wpcf7-form-control wpcf7-checkbox\"><span class=\"wpcf7-list-item first\"><label><input type=\"checkbox\" name=\"materiais[]\" value=\"Data Show\" \/><span class=\"wpcf7-list-item-label\">Data Show<\/span><\/label><\/span><span class=\"wpcf7-list-item last\"><label><input type=\"checkbox\" name=\"materiais[]\" value=\"Microfones sem fio\" \/><span class=\"wpcf7-list-item-label\">Microfones sem fio<\/span><\/label><\/span><\/span><\/span><br \/>\n\t\t<font color=\"#FF9900\"><i>A C\u00e2mara municipal n\u00e3o disponibiliza t\u00e9cnicos de som e uso de mesa de som.<\/i>\n\t\t<\/font><\/label>\n<\/p>\n<p>&nbsp;\n<\/p>\n<h4>III - DECLARA\u00c7\u00d5ES DE CI\u00caNCIA E RESPONSABILIDADE\n<\/h4>\n<p><label><span class=\"wpcf7-form-control-wrap\" data-name=\"dec01\"><span class=\"wpcf7-form-control wpcf7-checkbox wpcf7-validates-as-required\"><span class=\"wpcf7-list-item first last\"><input type=\"checkbox\" name=\"dec01[]\" value=\"DECLARO que estou ciente dos termos da Resolu\u00e7\u00e3o n\u00ba 3, de 21 de maio de 2024, e de que a m\u00e1 utiliza\u00e7\u00e3o das depend\u00eancias cedidas, em descumprimento \u00e0s regras estabelecidas, sujeita a mim e a entidade solicitante \u00e0 responsabilidade civil e penal, al\u00e9m de outras penalidades previstas na referida Resolu\u00e7\u00e3o.\" \/><span class=\"wpcf7-list-item-label\">DECLARO que estou ciente dos termos da Resolu\u00e7\u00e3o n\u00ba 3, de 21 de maio de 2024, e de que a m\u00e1 utiliza\u00e7\u00e3o das depend\u00eancias cedidas, em descumprimento \u00e0s regras estabelecidas, sujeita a mim e a entidade solicitante \u00e0 responsabilidade civil e penal, al\u00e9m de outras penalidades previstas na referida Resolu\u00e7\u00e3o.<\/span><\/span><\/span><\/span><\/label>\n<\/p>\n<p><label><span class=\"wpcf7-form-control-wrap\" data-name=\"dec02\"><span class=\"wpcf7-form-control wpcf7-checkbox wpcf7-validates-as-required\"><span class=\"wpcf7-list-item first last\"><input type=\"checkbox\" name=\"dec02[]\" value=\"DECLARO que tenho ci\u00eancia que a utiliza\u00e7\u00e3o do Plen\u00e1rio depender\u00e1 de pr\u00e9via autoriza\u00e7\u00e3o da Presid\u00eancia, sujeita \u00e0 an\u00e1lise da finalidade do uso e da disponibilidade de agenda e de servidores da C\u00e2mara Municipal.\" \/><span class=\"wpcf7-list-item-label\">DECLARO que tenho ci\u00eancia que a utiliza\u00e7\u00e3o do Plen\u00e1rio depender\u00e1 de pr\u00e9via autoriza\u00e7\u00e3o da Presid\u00eancia, sujeita \u00e0 an\u00e1lise da finalidade do uso e da disponibilidade de agenda e de servidores da C\u00e2mara Municipal.<\/span><\/span><\/span><\/span><\/label>\n<\/p>\n<p><label><span class=\"wpcf7-form-control-wrap\" data-name=\"dec03\"><span class=\"wpcf7-form-control wpcf7-checkbox wpcf7-validates-as-required\"><span class=\"wpcf7-list-item first last\"><input type=\"checkbox\" name=\"dec03[]\" value=\"DECLARO que tenho ci\u00eancia que a utiliza\u00e7\u00e3o do espa\u00e7o para atividades da C\u00e2mara Municipal tem prefer\u00eancia em rela\u00e7\u00e3o \u00e0 utiliza\u00e7\u00e3o por terceiros, mesmo que previamente autorizadas e que a cess\u00e3o pode ser cancela a qualquer momento, se convocadas atividades legislativas na data.\" \/><span class=\"wpcf7-list-item-label\">DECLARO que tenho ci\u00eancia que a utiliza\u00e7\u00e3o do espa\u00e7o para atividades da C\u00e2mara Municipal tem prefer\u00eancia em rela\u00e7\u00e3o \u00e0 utiliza\u00e7\u00e3o por terceiros, mesmo que previamente autorizadas e que a cess\u00e3o pode ser cancela a qualquer momento, se convocadas atividades legislativas na data.<\/span><\/span><\/span><\/span><\/label>\n<\/p>\n<p><label><span class=\"wpcf7-form-control-wrap\" data-name=\"dec04\"><span class=\"wpcf7-form-control wpcf7-checkbox wpcf7-validates-as-required\"><span class=\"wpcf7-list-item first last\"><input type=\"checkbox\" name=\"dec04[]\" value=\"DECLARO que tenho ci\u00eancia que \u00e9 de minha inteira responsabilidade DANOS, FURTOS ou DESAPARECIMENTOS de bens p\u00fablicos.\" \/><span class=\"wpcf7-list-item-label\">DECLARO que tenho ci\u00eancia que \u00e9 de minha inteira responsabilidade DANOS, FURTOS ou DESAPARECIMENTOS de bens p\u00fablicos.<\/span><\/span><\/span><\/span><\/label>\n<\/p>\n<p><label><span class=\"wpcf7-form-control-wrap\" data-name=\"dec05\"><span class=\"wpcf7-form-control wpcf7-checkbox wpcf7-validates-as-required\"><span class=\"wpcf7-list-item first last\"><input type=\"checkbox\" name=\"dec05[]\" value=\"DECLARO que tenho ci\u00eancia que \u00e9 de minha inteira responsabilidade a manuten\u00e7\u00e3o da limpeza do Plen\u00e1rio ao t\u00e9rmino da sua utiliza\u00e7\u00e3o.\" \/><span class=\"wpcf7-list-item-label\">DECLARO que tenho ci\u00eancia que \u00e9 de minha inteira responsabilidade a manuten\u00e7\u00e3o da limpeza do Plen\u00e1rio ao t\u00e9rmino da sua utiliza\u00e7\u00e3o.<\/span><\/span><\/span><\/span><\/label>\n<\/p>\n<p><label><span class=\"wpcf7-form-control-wrap\" data-name=\"dec06\"><span class=\"wpcf7-form-control wpcf7-checkbox wpcf7-validates-as-required\"><span class=\"wpcf7-list-item first last\"><input type=\"checkbox\" name=\"dec06[]\" value=\"DECLARO que tenho ci\u00eancia que \u00e9 PROIBIDO cobrar taxa de inscri\u00e7\u00e3o ou contribui\u00e7\u00e3o, mesmo doa\u00e7\u00f5es, al\u00e9m de vender ou promover produtos e servi\u00e7os.\" \/><span class=\"wpcf7-list-item-label\">DECLARO que tenho ci\u00eancia que \u00e9 PROIBIDO cobrar taxa de inscri\u00e7\u00e3o ou contribui\u00e7\u00e3o, mesmo doa\u00e7\u00f5es, al\u00e9m de vender ou promover produtos e servi\u00e7os.<\/span><\/span><\/span><\/span><\/label>\n<\/p>\n<p><label><span class=\"wpcf7-form-control-wrap\" data-name=\"dec07\"><span class=\"wpcf7-form-control wpcf7-checkbox wpcf7-validates-as-required\"><span class=\"wpcf7-list-item first last\"><input type=\"checkbox\" name=\"dec07[]\" value=\"DECLARO que tenho ci\u00eancia que \u00e9 PROIBIDA a afixa\u00e7\u00e3o de cartazes e perfura\u00e7\u00f5es nas paredes dos espa\u00e7os cedidos, bem como a altera\u00e7\u00e3o nos quadros das galerias existentes no Plen\u00e1rio e de altera\u00e7\u00f5es nos dispositivos de seguran\u00e7a contra inc\u00eandio.\" \/><span class=\"wpcf7-list-item-label\">DECLARO que tenho ci\u00eancia que \u00e9 PROIBIDA a afixa\u00e7\u00e3o de cartazes e perfura\u00e7\u00f5es nas paredes dos espa\u00e7os cedidos, bem como a altera\u00e7\u00e3o nos quadros das galerias existentes no Plen\u00e1rio e de altera\u00e7\u00f5es nos dispositivos de seguran\u00e7a contra inc\u00eandio.<\/span><\/span><\/span><\/span><\/label>\n<\/p>\n<p><label><span class=\"wpcf7-form-control-wrap\" data-name=\"dec08\"><span class=\"wpcf7-form-control wpcf7-checkbox wpcf7-validates-as-required\"><span class=\"wpcf7-list-item first last\"><input type=\"checkbox\" name=\"dec08[]\" value=\"DECLARO que tenho ci\u00eancia que \u00e9 PROIBIDO o uso de fum\u00edgeros, consumo de bebidas alc\u00f3olicas e pr\u00e1tica de atos il\u00edcitos.\" \/><span class=\"wpcf7-list-item-label\">DECLARO que tenho ci\u00eancia que \u00e9 PROIBIDO o uso de fum\u00edgeros, consumo de bebidas alc\u00f3olicas e pr\u00e1tica de atos il\u00edcitos.<\/span><\/span><\/span><\/span><\/label>\n<\/p>\n<p><label><span class=\"wpcf7-form-control-wrap\" data-name=\"dec09\"><span class=\"wpcf7-form-control wpcf7-checkbox wpcf7-validates-as-required\"><span class=\"wpcf7-list-item first last\"><input type=\"checkbox\" name=\"dec09[]\" value=\"DECLARO que tenho ci\u00eancia que \u00e9 PROIBIDO a obstru\u00e7\u00e3o da sa\u00edda de emerg\u00eancia.\" \/><span class=\"wpcf7-list-item-label\">DECLARO que tenho ci\u00eancia que \u00e9 PROIBIDO a obstru\u00e7\u00e3o da sa\u00edda de emerg\u00eancia.<\/span><\/span><\/span><\/span><\/label>\n<\/p>\n<p><label><span class=\"wpcf7-form-control-wrap\" data-name=\"dec10\"><span class=\"wpcf7-form-control wpcf7-checkbox wpcf7-validates-as-required\"><span class=\"wpcf7-list-item first last\"><input type=\"checkbox\" name=\"dec10[]\" value=\"DECLARO que tenho ci\u00eancia que \u00e9 PROIBIDO a entrada com animais, exceto c\u00e3es-guia.\" \/><span class=\"wpcf7-list-item-label\">DECLARO que tenho ci\u00eancia que \u00e9 PROIBIDO a entrada com animais, exceto c\u00e3es-guia.<\/span><\/span><\/span><\/span><\/label>\n<\/p>\n<p><input class=\"wpcf7-form-control wpcf7-submit has-spinner\" type=\"submit\" value=\"Enviar\" \/>\n<\/p><p style=\"display: none !important;\" class=\"akismet-fields-container\" data-prefix=\"_wpcf7_ak_\"><label>&#916;<textarea name=\"_wpcf7_ak_hp_textarea\" cols=\"45\" rows=\"8\" maxlength=\"100\"><\/textarea><\/label><input type=\"hidden\" id=\"ak_js_1\" name=\"_wpcf7_ak_js\" value=\"195\"\/><script>document.getElementById( \"ak_js_1\" ).setAttribute( \"value\", ( new Date() ).getTime() );<\/script><\/p><div class=\"wpcf7-response-output\" aria-hidden=\"true\"><\/div>\n<\/form>\n<\/div>\n\n","protected":false},"excerpt":{"rendered":"","protected":false},"author":1,"featured_media":0,"parent":10415,"menu_order":0,"comment_status":"closed","ping_status":"closed","template":"","meta":{"om_disable_all_campaigns":false,"_monsterinsights_skip_tracking":false,"_monsterinsights_sitenote_active":false,"_monsterinsights_sitenote_note":"","_monsterinsights_sitenote_category":0,"footnotes":""},"class_list":["post-11627","page","type-page","status-publish","hentry"],"blocksy_meta":[],"aioseo_notices":[],"_links":{"self":[{"href":"https:\/\/camarameridiano.sp.gov.br\/site\/wp-json\/wp\/v2\/pages\/11627","targetHints":{"allow":["GET"]}}],"collection":[{"href":"https:\/\/camarameridiano.sp.gov.br\/site\/wp-json\/wp\/v2\/pages"}],"about":[{"href":"https:\/\/camarameridiano.sp.gov.br\/site\/wp-json\/wp\/v2\/types\/page"}],"author":[{"embeddable":true,"href":"https:\/\/camarameridiano.sp.gov.br\/site\/wp-json\/wp\/v2\/users\/1"}],"replies":[{"embeddable":true,"href":"https:\/\/camarameridiano.sp.gov.br\/site\/wp-json\/wp\/v2\/comments?post=11627"}],"version-history":[{"count":1,"href":"https:\/\/camarameridiano.sp.gov.br\/site\/wp-json\/wp\/v2\/pages\/11627\/revisions"}],"predecessor-version":[{"id":11629,"href":"https:\/\/camarameridiano.sp.gov.br\/site\/wp-json\/wp\/v2\/pages\/11627\/revisions\/11629"}],"up":[{"embeddable":true,"href":"https:\/\/camarameridiano.sp.gov.br\/site\/wp-json\/wp\/v2\/pages\/10415"}],"wp:attachment":[{"href":"https:\/\/camarameridiano.sp.gov.br\/site\/wp-json\/wp\/v2\/media?parent=11627"}],"curies":[{"name":"wp","href":"https:\/\/api.w.org\/{rel}","templated":true}]}}