{"id":11035,"date":"2025-06-18T14:20:57","date_gmt":"2025-06-18T17:20:57","guid":{"rendered":"https:\/\/camarameridiano.sp.gov.br\/site\/?page_id=11035"},"modified":"2025-08-15T11:54:52","modified_gmt":"2025-08-15T14:54:52","slug":"atas-de-adesao-srp","status":"publish","type":"page","link":"https:\/\/camarameridiano.sp.gov.br\/site\/licitacao\/atas-de-adesao-srp\/","title":{"rendered":"Atas de Ades\u00e3o &#8211; SRP"},"content":{"rendered":"\t\t<div data-elementor-type=\"wp-page\" data-elementor-id=\"11035\" class=\"elementor elementor-11035\" data-elementor-post-type=\"page\">\n\t\t\t\t\t\t<section class=\"elementor-section elementor-top-section elementor-element elementor-element-41e93a74 elementor-section-boxed elementor-section-height-default elementor-section-height-default\" data-id=\"41e93a74\" data-element_type=\"section\" data-e-type=\"section\">\n\t\t\t\t\t\t<div class=\"elementor-container elementor-column-gap-default\">\n\t\t\t\t\t<div class=\"elementor-column elementor-col-100 elementor-top-column elementor-element elementor-element-215849f2\" data-id=\"215849f2\" data-element_type=\"column\" data-e-type=\"column\">\n\t\t\t<div class=\"elementor-widget-wrap elementor-element-populated\">\n\t\t\t\t\t\t<div class=\"elementor-element elementor-element-9bc3448 elementor-widget elementor-widget-wpdmcategory\" data-id=\"9bc3448\" data-element_type=\"widget\" data-e-type=\"widget\" data-widget_type=\"wpdmcategory.default\">\n\t\t\t\t<div class=\"elementor-widget-container\">\n\t\t\t\t\t<div class='w3eden'>\n    <div class=''>\n\n        <form method=\"get\" class=\"\" data-container=\"#content_wpdm_package_1\" id=\"sc_form_wpdm_package_1\" style=\"margin-bottom: 15px\">\n                <div class=\"panel panel-default card category-panel wpdm-shortcode-toolbar\">\n                <div class=\"panel-body card-body\">\n                    <div class=\"media\">\n                        <div class=\"mr-3\">\n                                                    <\/div>\n                        <div class=\"media-body\">\n                            <h3 style=\"margin: 0\">Atas de Ades\u00e3o - SRP<\/h3>\n                                                    <\/div>\n                    <\/div>\n                <\/div>\n                <div class=\"panel-footer card-footer\">\n                    <div class=\"row\">\n                        <div class=\"col-lg-6 col-md-12\">\n                            <input type=\"text\" name=\"skw\" value=\"\" placeholder=\"Search Keyword...\" class=\"form-control\" \/>\n                        <\/div>\n                        <div class=\"col-lg-2 col-md-4\">\n                            <select name=\"orderby\" class=\"wpdm-custom-select custom-select\">\n                                <option value=\"date\" disabled=\"disabled\">Order By:<\/option>\n                                <option value=\"date\" > Data de Publica\u00e7\u00e3o<\/option>\n                                <option value=\"title\" >T\u00edtulo<\/option>\n                                <option value=\"update_date\" > Data de atualiza\u00e7\u00e3o<\/option>\n                                <option value=\"download_count\" >Downloads<\/option>\n                                <option value=\"view_count\" >Views<\/option>\n                            <\/select>\n                        <\/div>\n                        <div class=\"col-lg-2 col-md-4\">\n                            <select name=\"order\" class=\"wpdm-custom-select custom-select\">\n                                <option value=\"desc\" disabled=\"disabled\">Order:<\/option>\n                                <option value=\"desc\" >Descending<\/option>\n                                <option value=\"asc\" >Ascending<\/option>\n                            <\/select>\n                        <\/div>\n                        <div class=\"col-lg-2 col-md-4\">\n                            <button type=\"submit\" class=\"btn btn-info btn-block\">Apply Filter<\/button>\n                        <\/div>\n                    <\/div>\n\n                <\/div>\n            <\/div>\n            <\/form>\n<div class=\"spacer mb-3 d-block clearfix\"><\/div>\n\n        <div id=\"content_wpdm_package_1\">\n            <div class='row'><div class='col-lg-12 col-md-12 col-12'><!-- WPDM Link Template: Default Template -->\n\n<div class=\"link-template-default card mb-2\">\n    <div class=\"card-body\">\n        <div class=\"media\">\n            <div class=\"mr-3 img-48\"><img decoding=\"async\" class=\"wpdm_icon\" alt=\"\u00edcone\" src=\"https:\/\/camarameridiano.sp.gov.br\/site\/wp-content\/plugins\/download-manager\/assets\/file-type-icons\/pdf.svg\" \/><\/div>\n            <div class=\"media-body\">\n                <h3 class=\"package-title\"><a href='https:\/\/camarameridiano.sp.gov.br\/site\/download\/informativo-de-nao-realizacao\/'>Informativo de N\u00e3o Realiza\u00e7\u00e3o - Atas de Ades\u00e3o<\/a><\/h3>\n                <div class=\"text-muted text-small\"><i class=\"fas fa-copy\"><\/i> 1  arquivo(s) <i class=\"fas fa-hdd ml-3\"><\/i> 160.94 KB<\/div>\n            <\/div>\n            <div class=\"ml-3\">\n                <a class='wpdm-download-link btn btn-primary ' rel='nofollow' href='https:\/\/camarameridiano.sp.gov.br\/site\/download\/informativo-de-nao-realizacao\/?wpdmdl=11084&refresh=69dbe5047cc1c1776018692'>Download<\/a>\n            <\/div>\n        <\/div>\n    <\/div>\n<\/div>\n\n<\/div><\/div>                    <\/div>\n\n        <div style='clear:both'><\/div>\n    <\/div>\n<\/div>\n\t\t\t\t<\/div>\n\t\t\t\t<\/div>\n\t\t\t\t<div class=\"elementor-element elementor-element-6922986f elementor-widget elementor-widget-text-editor\" data-id=\"6922986f\" data-element_type=\"widget\" data-e-type=\"widget\" data-widget_type=\"text-editor.default\">\n\t\t\t\t<div class=\"elementor-widget-container\">\n\t\t\t\t\t\t\t\t\t<p><\/p>\n<p>Informamos que, at\u00e9 a presente data, a C\u00e2mara Municipal de Meridiano n\u00e3o realizou ades\u00f5es a Atas de Registro de Pre\u00e7os (ARP) oriundas de outros \u00f3rg\u00e3os ou entes p\u00fablicos, nos termos do Sistema de Registro de Pre\u00e7os \u2013 SRP, conforme previsto na legisla\u00e7\u00e3o vigente. Eventuais atualiza\u00e7\u00f5es sobre futuras ades\u00f5es ser\u00e3o devidamente publicadas neste portal, em respeito aos princ\u00edpios da transpar\u00eancia e da publicidade administrativa.<\/p>\n<p><\/p>\n<p><strong>\u00daltima Atualiza\u00e7\u00e3o: <\/strong>15\/08\/2025<\/p>\n<p><\/p>\t\t\t\t\t\t\t\t<\/div>\n\t\t\t\t<\/div>\n\t\t\t\t\t<\/div>\n\t\t<\/div>\n\t\t\t\t\t<\/div>\n\t\t<\/section>\n\t\t\t\t<\/div>\n\t\t","protected":false},"excerpt":{"rendered":"<p>Atas de Ades\u00e3o &#8211; SRP Order By: Data de Publica\u00e7\u00e3oT\u00edtulo Data de atualiza\u00e7\u00e3oDownloadsViews Order:DescendingAscending Apply Filter Informativo de N\u00e3o Realiza\u00e7\u00e3o 1 arquivo(s) 160.94 KB Download Informamos que, at\u00e9 a presente data, a C\u00e2mara Municipal de Meridiano n\u00e3o realizou ades\u00f5es a Atas de Registro de Pre\u00e7os (ARP) oriundas de outros \u00f3rg\u00e3os ou entes p\u00fablicos, nos termos [&hellip;]<\/p>\n","protected":false},"author":1,"featured_media":0,"parent":11024,"menu_order":0,"comment_status":"closed","ping_status":"closed","template":"","meta":{"om_disable_all_campaigns":false,"_monsterinsights_skip_tracking":false,"_monsterinsights_sitenote_active":false,"_monsterinsights_sitenote_note":"","_monsterinsights_sitenote_category":0,"footnotes":""},"class_list":["post-11035","page","type-page","status-publish","hentry"],"blocksy_meta":[],"aioseo_notices":[],"_links":{"self":[{"href":"https:\/\/camarameridiano.sp.gov.br\/site\/wp-json\/wp\/v2\/pages\/11035","targetHints":{"allow":["GET"]}}],"collection":[{"href":"https:\/\/camarameridiano.sp.gov.br\/site\/wp-json\/wp\/v2\/pages"}],"about":[{"href":"https:\/\/camarameridiano.sp.gov.br\/site\/wp-json\/wp\/v2\/types\/page"}],"author":[{"embeddable":true,"href":"https:\/\/camarameridiano.sp.gov.br\/site\/wp-json\/wp\/v2\/users\/1"}],"replies":[{"embeddable":true,"href":"https:\/\/camarameridiano.sp.gov.br\/site\/wp-json\/wp\/v2\/comments?post=11035"}],"version-history":[{"count":10,"href":"https:\/\/camarameridiano.sp.gov.br\/site\/wp-json\/wp\/v2\/pages\/11035\/revisions"}],"predecessor-version":[{"id":11087,"href":"https:\/\/camarameridiano.sp.gov.br\/site\/wp-json\/wp\/v2\/pages\/11035\/revisions\/11087"}],"up":[{"embeddable":true,"href":"https:\/\/camarameridiano.sp.gov.br\/site\/wp-json\/wp\/v2\/pages\/11024"}],"wp:attachment":[{"href":"https:\/\/camarameridiano.sp.gov.br\/site\/wp-json\/wp\/v2\/media?parent=11035"}],"curies":[{"name":"wp","href":"https:\/\/api.w.org\/{rel}","templated":true}]}}