{"id":10778,"date":"2025-01-30T14:24:36","date_gmt":"2025-01-30T17:24:36","guid":{"rendered":"https:\/\/camarameridiano.sp.gov.br\/site\/?page_id=10778"},"modified":"2025-02-12T10:58:06","modified_gmt":"2025-02-12T13:58:06","slug":"protocolo","status":"publish","type":"page","link":"https:\/\/camarameridiano.sp.gov.br\/site\/protocolo\/","title":{"rendered":"Protocolo Digital"},"content":{"rendered":"\n<div class=\"wpcf7 no-js\" id=\"wpcf7-f10775-o1\" lang=\"pt-BR\" dir=\"ltr\" data-wpcf7-id=\"10775\">\n<div class=\"screen-reader-response\"><p role=\"status\" aria-live=\"polite\" aria-atomic=\"true\"><\/p> <ul><\/ul><\/div>\n<form action=\"\/site\/wp-json\/wp\/v2\/pages\/10778#wpcf7-f10775-o1\" method=\"post\" class=\"wpcf7-form init\" aria-label=\"Formul\u00e1rios de contato\" enctype=\"multipart\/form-data\" novalidate=\"novalidate\" data-status=\"init\">\n<fieldset class=\"hidden-fields-container\"><input type=\"hidden\" name=\"_wpcf7\" value=\"10775\" \/><input type=\"hidden\" name=\"_wpcf7_version\" value=\"6.1.5\" \/><input type=\"hidden\" name=\"_wpcf7_locale\" value=\"pt_BR\" \/><input type=\"hidden\" name=\"_wpcf7_unit_tag\" value=\"wpcf7-f10775-o1\" \/><input type=\"hidden\" name=\"_wpcf7_container_post\" value=\"0\" \/><input type=\"hidden\" name=\"_wpcf7_posted_data_hash\" value=\"\" \/><input type=\"hidden\" name=\"_wpcf7cf_hidden_group_fields\" value=\"[]\" \/><input type=\"hidden\" name=\"_wpcf7cf_hidden_groups\" value=\"[]\" \/><input type=\"hidden\" name=\"_wpcf7cf_visible_groups\" value=\"[]\" \/><input type=\"hidden\" name=\"_wpcf7cf_repeaters\" value=\"[]\" \/><input type=\"hidden\" name=\"_wpcf7cf_steps\" value=\"{}\" \/><input type=\"hidden\" name=\"_wpcf7cf_options\" value=\"{&quot;form_id&quot;:10775,&quot;conditions&quot;:[],&quot;settings&quot;:{&quot;animation&quot;:&quot;yes&quot;,&quot;animation_intime&quot;:200,&quot;animation_outtime&quot;:200,&quot;conditions_ui&quot;:&quot;normal&quot;,&quot;notice_dismissed&quot;:false}}\" \/><input type=\"hidden\" name=\"_wpcf7_recaptcha_response\" value=\"\" \/>\n<\/fieldset>\n<p><label><b>Nome completo do requerente<\/b><br \/>\n<span class=\"wpcf7-form-control-wrap\" data-name=\"nome\"><input size=\"40\" maxlength=\"400\" class=\"wpcf7-form-control wpcf7-text wpcf7-validates-as-required\" aria-required=\"true\" aria-invalid=\"false\" value=\"\" type=\"text\" name=\"nome\" \/><\/span> <\/label>\n<\/p>\n<p><label><b>Institui\u00e7\u00e3o do requerente<\/b><br \/>\n<span class=\"wpcf7-form-control-wrap\" data-name=\"instituicao\"><input size=\"40\" maxlength=\"400\" class=\"wpcf7-form-control wpcf7-text wpcf7-validates-as-required\" aria-required=\"true\" aria-invalid=\"false\" value=\"\" type=\"text\" name=\"instituicao\" \/><\/span> <\/label>\n<\/p>\n<p><label><b>Telefone de contato<\/b><br \/>\n<span class=\"wpcf7-form-control-wrap\" data-name=\"telefone\"><input size=\"40\" maxlength=\"400\" class=\"wpcf7-form-control wpcf7-tel wpcf7-validates-as-required wpcf7-text wpcf7-validates-as-tel phone\" aria-required=\"true\" aria-invalid=\"false\" placeholder=\"\" value=\"\" type=\"tel\" name=\"telefone\" \/><\/span><\/label>\n<\/p>\n<p><label><b>E-mail<\/b><br \/>\n<span class=\"wpcf7-form-control-wrap\" data-name=\"verification\"><input size=\"40\" maxlength=\"400\" class=\"wpcf7-form-control wpcf7-email wpcf7-validates-as-required wpcf7-text wpcf7-validates-as-email\" aria-required=\"true\" aria-invalid=\"false\" value=\"\" type=\"email\" name=\"verification\" \/><\/span><\/label>\n<\/p>\n<p><label><b>C\u00f3digo de verifica\u00e7\u00e3o do e-mail<\/b><br \/>\n<span class=\"wpcf7-form-control-wrap\" data-name=\"verification-otp\"><input size=\"40\" maxlength=\"400\" class=\"wpcf7-form-control wpcf7-text wpcf7-validates-as-required\" aria-required=\"true\" aria-invalid=\"false\" value=\"\" type=\"text\" name=\"verification-otp\" \/><\/span><br \/>\n<\/label>\n<\/p>\n<p>\n\t<font color=\"#FF0000\"><i>Insira acima o c\u00f3digo de verifica\u00e7\u00e3o enviado ao e-mail informado para confirmar sua identidade.<\/i>\n\t<\/font>\n<\/p>\n<p><label><b>Destinat\u00e1rio<\/b><br \/>\n<span class=\"wpcf7-form-control-wrap\" data-name=\"destinatario\"><input size=\"40\" maxlength=\"400\" class=\"wpcf7-form-control wpcf7-text wpcf7-validates-as-required\" aria-required=\"true\" aria-invalid=\"false\" value=\"\" type=\"text\" name=\"destinatario\" \/><\/span><\/label>\n<\/p>\n<p><label><b>Anexe o documento para protocolo (apenas arquivos em .pdf)<\/b><br \/>\n<span class=\"wpcf7-form-control-wrap\" data-name=\"documento\"><input size=\"40\" class=\"wpcf7-form-control wpcf7-file wpcf7-validates-as-required\" accept=\".pdf\" aria-required=\"true\" aria-invalid=\"false\" type=\"file\" name=\"documento\" \/><\/span><br \/>\n<\/label>\n<\/p>\n<p><span class=\"wpcf7-form-control-wrap\" data-name=\"declaracao\"><span class=\"wpcf7-form-control wpcf7-checkbox wpcf7-validates-as-required\"><span class=\"wpcf7-list-item first last\"><input type=\"checkbox\" name=\"declaracao[]\" value=\"DECLARO que as informa\u00e7\u00f5es acima prestadas s\u00e3o verdadeiras, e assumo a inteira responsabilidade pelas mesmas. DELCARO ainda estar ciente que a efetiva\u00e7\u00e3o deste protocolo se dar\u00e1 pelo recebimento pela Secretaria Administrativa (SEADM) da C\u00e2mara de Meridiano, momento no qual ser\u00e1 gerado seu registro e informado o n\u00famero de protocolo pelo contato fornecido. A C\u00e2mara Municipal de Meridiano n\u00e3o se responsabiliza pelo preenchimento incorreto dos dados nem pela solicita\u00e7\u00e3o n\u00e3o recebida por motivos de ordem t\u00e9cnica.\" \/><span class=\"wpcf7-list-item-label\">DECLARO que as informa\u00e7\u00f5es acima prestadas s\u00e3o verdadeiras, e assumo a inteira responsabilidade pelas mesmas. DELCARO ainda estar ciente que a efetiva\u00e7\u00e3o deste protocolo se dar\u00e1 pelo recebimento pela Secretaria Administrativa (SEADM) da C\u00e2mara de Meridiano, momento no qual ser\u00e1 gerado seu registro e informado o n\u00famero de protocolo pelo contato fornecido. A C\u00e2mara Municipal de Meridiano n\u00e3o se responsabiliza pelo preenchimento incorreto dos dados nem pela solicita\u00e7\u00e3o n\u00e3o recebida por motivos de ordem t\u00e9cnica.<\/span><\/span><\/span><\/span>\n<\/p>\n<p><input class=\"wpcf7-form-control wpcf7-submit has-spinner\" type=\"submit\" value=\"Enviar\" \/>\n<\/p><p style=\"display: none !important;\" class=\"akismet-fields-container\" data-prefix=\"_wpcf7_ak_\"><label>&#916;<textarea name=\"_wpcf7_ak_hp_textarea\" cols=\"45\" rows=\"8\" maxlength=\"100\"><\/textarea><\/label><input type=\"hidden\" id=\"ak_js_1\" name=\"_wpcf7_ak_js\" value=\"13\"\/><script>document.getElementById( \"ak_js_1\" ).setAttribute( \"value\", ( new Date() ).getTime() );<\/script><\/p><div class=\"wpcf7-response-output\" aria-hidden=\"true\"><\/div>\n<\/form>\n<\/div>\n\n","protected":false},"excerpt":{"rendered":"","protected":false},"author":1,"featured_media":0,"parent":0,"menu_order":0,"comment_status":"closed","ping_status":"closed","template":"","meta":{"om_disable_all_campaigns":false,"_monsterinsights_skip_tracking":false,"_monsterinsights_sitenote_active":false,"_monsterinsights_sitenote_note":"","_monsterinsights_sitenote_category":0,"footnotes":""},"class_list":["post-10778","page","type-page","status-publish","hentry"],"blocksy_meta":[],"aioseo_notices":[],"_links":{"self":[{"href":"https:\/\/camarameridiano.sp.gov.br\/site\/wp-json\/wp\/v2\/pages\/10778","targetHints":{"allow":["GET"]}}],"collection":[{"href":"https:\/\/camarameridiano.sp.gov.br\/site\/wp-json\/wp\/v2\/pages"}],"about":[{"href":"https:\/\/camarameridiano.sp.gov.br\/site\/wp-json\/wp\/v2\/types\/page"}],"author":[{"embeddable":true,"href":"https:\/\/camarameridiano.sp.gov.br\/site\/wp-json\/wp\/v2\/users\/1"}],"replies":[{"embeddable":true,"href":"https:\/\/camarameridiano.sp.gov.br\/site\/wp-json\/wp\/v2\/comments?post=10778"}],"version-history":[{"count":1,"href":"https:\/\/camarameridiano.sp.gov.br\/site\/wp-json\/wp\/v2\/pages\/10778\/revisions"}],"predecessor-version":[{"id":10779,"href":"https:\/\/camarameridiano.sp.gov.br\/site\/wp-json\/wp\/v2\/pages\/10778\/revisions\/10779"}],"wp:attachment":[{"href":"https:\/\/camarameridiano.sp.gov.br\/site\/wp-json\/wp\/v2\/media?parent=10778"}],"curies":[{"name":"wp","href":"https:\/\/api.w.org\/{rel}","templated":true}]}}