{"id":10538,"date":"2024-07-30T11:28:38","date_gmt":"2024-07-30T14:28:38","guid":{"rendered":"https:\/\/camarameridiano.sp.gov.br\/site\/?page_id=10538"},"modified":"2025-02-12T12:15:09","modified_gmt":"2025-02-12T15:15:09","slug":"galeria-8-de-marco","status":"publish","type":"page","link":"https:\/\/camarameridiano.sp.gov.br\/site\/galerias\/galeria-8-de-marco\/","title":{"rendered":"Galeria &#8216;8 de Mar\u00e7o&#8217;"},"content":{"rendered":"\t\t<div data-elementor-type=\"wp-page\" data-elementor-id=\"10538\" class=\"elementor elementor-10538\" data-elementor-post-type=\"page\">\n\t\t\t\t\t\t<section class=\"elementor-section elementor-top-section elementor-element elementor-element-22ab88e8 elementor-section-height-min-height elementor-section-content-middle elementor-section-boxed elementor-section-height-default elementor-section-items-middle\" data-id=\"22ab88e8\" data-element_type=\"section\" data-e-type=\"section\">\n\t\t\t\t\t\t<div class=\"elementor-container elementor-column-gap-default\">\n\t\t\t\t\t<div class=\"elementor-column elementor-col-100 elementor-top-column elementor-element elementor-element-32ddd498\" data-id=\"32ddd498\" data-element_type=\"column\" data-e-type=\"column\">\n\t\t\t<div class=\"elementor-widget-wrap elementor-element-populated\">\n\t\t\t\t\t\t<div class=\"elementor-element elementor-element-3212bb1 elementor-widget elementor-widget-text-editor\" data-id=\"3212bb1\" data-element_type=\"widget\" data-e-type=\"widget\" data-widget_type=\"text-editor.default\">\n\t\t\t\t<div class=\"elementor-widget-container\">\n\t\t\t\t\t\t\t\t\t<p>Institu\u00edda pela <a href=\"https:\/\/sapl.meridiano.sp.leg.br\/norma\/137\" target=\"_blank\" rel=\"noopener\"><span style=\"color: #0091eb;\">Lei Ordin\u00e1ria n\u00ba 1.488, de 21 de mar\u00e7o de 2023<\/span><\/a>, a Galeria &#8216;Oito de Mar\u00e7o&#8217; tem o objetivo de contemplar as ex-Vereadoras empossadas para exercer seus mandatos junto \u00e0 C\u00e2mara Municipal de Meridiano.<\/p>\t\t\t\t\t\t\t\t<\/div>\n\t\t\t\t<\/div>\n\t\t\t\t<div class=\"elementor-element elementor-element-78f6056 elementor-widget elementor-widget-text-editor\" data-id=\"78f6056\" data-element_type=\"widget\" data-e-type=\"widget\" data-widget_type=\"text-editor.default\">\n\t\t\t\t<div class=\"elementor-widget-container\">\n\t\t\t\t\t\t\t\t\t<h5 style=\"text-align: center;\"><strong><em>&#8220;Em homenagem a luta, dedica\u00e7\u00e3o, esp\u00edrito empreendedor e comunit\u00e1rio da mulher em defesa da coletividade, atrav\u00e9s da participa\u00e7\u00e3o no Poder Legislativo.&#8221;<\/em><\/strong><\/h5>\t\t\t\t\t\t\t\t<\/div>\n\t\t\t\t<\/div>\n\t\t\t\t<div class=\"elementor-element elementor-element-70dfeaa elementor-arrows-position-outside elementor-pagination-position-outside elementor-widget elementor-widget-image-carousel\" data-id=\"70dfeaa\" data-element_type=\"widget\" data-e-type=\"widget\" data-settings=\"{&quot;slides_to_show&quot;:&quot;1&quot;,&quot;navigation&quot;:&quot;both&quot;,&quot;autoplay&quot;:&quot;yes&quot;,&quot;pause_on_hover&quot;:&quot;yes&quot;,&quot;pause_on_interaction&quot;:&quot;yes&quot;,&quot;autoplay_speed&quot;:5000,&quot;infinite&quot;:&quot;yes&quot;,&quot;effect&quot;:&quot;slide&quot;,&quot;speed&quot;:500}\" data-widget_type=\"image-carousel.default\">\n\t\t\t\t<div class=\"elementor-widget-container\">\n\t\t\t\t\t\t\t<div class=\"elementor-image-carousel-wrapper swiper\" role=\"region\" aria-roledescription=\"carousel\" aria-label=\"Carrossel de imagens\" dir=\"ltr\">\n\t\t\t<div class=\"elementor-image-carousel swiper-wrapper\" aria-live=\"off\">\n\t\t\t\t\t\t\t\t<div class=\"swiper-slide\" role=\"group\" aria-roledescription=\"slide\" aria-label=\"1 de 6\"><figure class=\"swiper-slide-inner\"><img decoding=\"async\" class=\"swiper-slide-image\" src=\"https:\/\/camarameridiano.sp.gov.br\/site\/wp-content\/uploads\/elementor\/thumbs\/8marco_apparecida-qrvj8uhqm0ykomw8mhver6fwwj4un0f72s0fjrgq9s.png\" alt=\"8marco_apparecida\" \/><\/figure><\/div><div class=\"swiper-slide\" role=\"group\" aria-roledescription=\"slide\" aria-label=\"2 de 6\"><figure class=\"swiper-slide-inner\"><img decoding=\"async\" class=\"swiper-slide-image\" src=\"https:\/\/camarameridiano.sp.gov.br\/site\/wp-content\/uploads\/elementor\/thumbs\/8marco_cleri-qrvj95rsw1e0jyfusmqxl3lg15l97dnz4bu9b30074.png\" alt=\"8marco_cleri\" \/><\/figure><\/div><div class=\"swiper-slide\" role=\"group\" aria-roledescription=\"slide\" aria-label=\"3 de 6\"><figure class=\"swiper-slide-inner\"><img decoding=\"async\" class=\"swiper-slide-image\" src=\"https:\/\/camarameridiano.sp.gov.br\/site\/wp-content\/uploads\/elementor\/thumbs\/8marco_sandra-qrvjad0dmf17e0p1s5frrsoncvo51gfmm9uldt7w8w.png\" alt=\"8marco_sandra\" \/><\/figure><\/div><div class=\"swiper-slide\" role=\"group\" aria-roledescription=\"slide\" aria-label=\"4 de 6\"><figure class=\"swiper-slide-inner\"><img decoding=\"async\" class=\"swiper-slide-image\" src=\"https:\/\/camarameridiano.sp.gov.br\/site\/wp-content\/uploads\/elementor\/thumbs\/8marco_mara-qrvj9hzpcvuqqvy3ta12ziifr5x0zg0hi0bkjohvy8.png\" alt=\"8marco_mara\" \/><\/figure><\/div><div class=\"swiper-slide\" role=\"group\" aria-roledescription=\"slide\" aria-label=\"5 de 6\"><figure class=\"swiper-slide-inner\"><img decoding=\"async\" class=\"swiper-slide-image\" src=\"https:\/\/camarameridiano.sp.gov.br\/site\/wp-content\/uploads\/elementor\/thumbs\/8marco_marcia-qrvj9w3a7ee1l1dmiy4hiwycnxzj6wkgjy3uqtwzcw.png\" alt=\"8marco_marcia\" \/><\/figure><\/div><div class=\"swiper-slide\" role=\"group\" aria-roledescription=\"slide\" aria-label=\"6 de 6\"><figure class=\"swiper-slide-inner\"><img decoding=\"async\" class=\"swiper-slide-image\" src=\"https:\/\/camarameridiano.sp.gov.br\/site\/wp-content\/uploads\/elementor\/thumbs\/Quadro-Presidente-Site-qzfo1bgnpxew2j0u0ss8azbgu49liybr0u5hbwolq8.png\" alt=\"Quadro Presidente Site\" \/><\/figure><\/div>\t\t\t<\/div>\n\t\t\t\t\t\t\t\t\t\t\t\t<div class=\"elementor-swiper-button elementor-swiper-button-prev\" role=\"button\" tabindex=\"0\">\n\t\t\t\t\t\t<i aria-hidden=\"true\" class=\"eicon-chevron-left\"><\/i>\t\t\t\t\t<\/div>\n\t\t\t\t\t<div class=\"elementor-swiper-button elementor-swiper-button-next\" role=\"button\" tabindex=\"0\">\n\t\t\t\t\t\t<i aria-hidden=\"true\" class=\"eicon-chevron-right\"><\/i>\t\t\t\t\t<\/div>\n\t\t\t\t\n\t\t\t\t\t\t\t\t\t<div class=\"swiper-pagination\"><\/div>\n\t\t\t\t\t\t\t\t\t<\/div>\n\t\t\t\t\t\t<\/div>\n\t\t\t\t<\/div>\n\t\t\t\t\t<\/div>\n\t\t<\/div>\n\t\t\t\t\t<\/div>\n\t\t<\/section>\n\t\t\t\t<\/div>\n\t\t","protected":false},"excerpt":{"rendered":"<p>Institu\u00edda pela Lei Ordin\u00e1ria n\u00ba 1.488, de 21 de mar\u00e7o de 2023, a Galeria &#8216;Oito de Mar\u00e7o&#8217; tem o objetivo de contemplar as ex-Vereadoras empossadas para exercer seus mandatos junto \u00e0 C\u00e2mara Municipal de Meridiano. &#8220;Em homenagem a luta, dedica\u00e7\u00e3o, esp\u00edrito empreendedor e comunit\u00e1rio da mulher em defesa da coletividade, atrav\u00e9s da participa\u00e7\u00e3o no Poder [&hellip;]<\/p>\n","protected":false},"author":1,"featured_media":0,"parent":10805,"menu_order":0,"comment_status":"closed","ping_status":"closed","template":"","meta":{"om_disable_all_campaigns":false,"_monsterinsights_skip_tracking":false,"_monsterinsights_sitenote_active":false,"_monsterinsights_sitenote_note":"","_monsterinsights_sitenote_category":0,"footnotes":""},"class_list":["post-10538","page","type-page","status-publish","hentry"],"blocksy_meta":[],"aioseo_notices":[],"_links":{"self":[{"href":"https:\/\/camarameridiano.sp.gov.br\/site\/wp-json\/wp\/v2\/pages\/10538","targetHints":{"allow":["GET"]}}],"collection":[{"href":"https:\/\/camarameridiano.sp.gov.br\/site\/wp-json\/wp\/v2\/pages"}],"about":[{"href":"https:\/\/camarameridiano.sp.gov.br\/site\/wp-json\/wp\/v2\/types\/page"}],"author":[{"embeddable":true,"href":"https:\/\/camarameridiano.sp.gov.br\/site\/wp-json\/wp\/v2\/users\/1"}],"replies":[{"embeddable":true,"href":"https:\/\/camarameridiano.sp.gov.br\/site\/wp-json\/wp\/v2\/comments?post=10538"}],"version-history":[{"count":21,"href":"https:\/\/camarameridiano.sp.gov.br\/site\/wp-json\/wp\/v2\/pages\/10538\/revisions"}],"predecessor-version":[{"id":10836,"href":"https:\/\/camarameridiano.sp.gov.br\/site\/wp-json\/wp\/v2\/pages\/10538\/revisions\/10836"}],"up":[{"embeddable":true,"href":"https:\/\/camarameridiano.sp.gov.br\/site\/wp-json\/wp\/v2\/pages\/10805"}],"wp:attachment":[{"href":"https:\/\/camarameridiano.sp.gov.br\/site\/wp-json\/wp\/v2\/media?parent=10538"}],"curies":[{"name":"wp","href":"https:\/\/api.w.org\/{rel}","templated":true}]}}