{"id":10415,"date":"2024-05-27T16:06:33","date_gmt":"2024-05-27T19:06:33","guid":{"rendered":"https:\/\/camarameridiano.sp.gov.br\/site\/?page_id=10415"},"modified":"2025-11-10T14:54:44","modified_gmt":"2025-11-10T17:54:44","slug":"uso-plenario","status":"publish","type":"page","link":"https:\/\/camarameridiano.sp.gov.br\/site\/uso-plenario\/","title":{"rendered":"Uso do Plen\u00e1rio"},"content":{"rendered":"\t\t<div data-elementor-type=\"wp-page\" data-elementor-id=\"10415\" class=\"elementor elementor-10415\" data-elementor-post-type=\"page\">\n\t\t\t\t\t\t<section class=\"elementor-section elementor-top-section elementor-element elementor-element-ff2eb3d elementor-section-boxed elementor-section-height-default elementor-section-height-default\" data-id=\"ff2eb3d\" data-element_type=\"section\" data-e-type=\"section\">\n\t\t\t\t\t\t<div class=\"elementor-container elementor-column-gap-default\">\n\t\t\t\t\t<div class=\"elementor-column elementor-col-100 elementor-top-column elementor-element elementor-element-451c1abb\" data-id=\"451c1abb\" data-element_type=\"column\" data-e-type=\"column\">\n\t\t\t<div class=\"elementor-widget-wrap elementor-element-populated\">\n\t\t\t\t\t\t<div class=\"elementor-element elementor-element-7355f539 elementor-widget elementor-widget-heading\" data-id=\"7355f539\" data-element_type=\"widget\" data-e-type=\"widget\" data-widget_type=\"heading.default\">\n\t\t\t\t<div class=\"elementor-widget-container\">\n\t\t\t\t\t<h5 class=\"elementor-heading-title elementor-size-default\"><a href=\"https:\/\/sapl.meridiano.sp.leg.br\/norma\/845\" target=\"_blank\">O uso p\u00fablico dos espa\u00e7os da C\u00e2mara Municipal de Meridiano foram estabelecidos pela Resolu\u00e7\u00e3o n\u00ba 3, de 21 de maio de 2024.<\/a><\/h5>\t\t\t\t<\/div>\n\t\t\t\t<\/div>\n\t\t\t\t\t<\/div>\n\t\t<\/div>\n\t\t\t\t\t<\/div>\n\t\t<\/section>\n\t\t\t\t<section class=\"elementor-section elementor-top-section elementor-element elementor-element-78e81bfd elementor-section-boxed elementor-section-height-default elementor-section-height-default\" data-id=\"78e81bfd\" data-element_type=\"section\" data-e-type=\"section\">\n\t\t\t\t\t\t<div class=\"elementor-container elementor-column-gap-default\">\n\t\t\t\t\t<div class=\"elementor-column elementor-col-100 elementor-top-column elementor-element elementor-element-259fb4b9\" data-id=\"259fb4b9\" data-element_type=\"column\" data-e-type=\"column\">\n\t\t\t<div class=\"elementor-widget-wrap elementor-element-populated\">\n\t\t\t\t\t\t<div class=\"elementor-element elementor-element-411d15a2 elementor-widget elementor-widget-heading\" data-id=\"411d15a2\" data-element_type=\"widget\" data-e-type=\"widget\" data-widget_type=\"heading.default\">\n\t\t\t\t<div class=\"elementor-widget-container\">\n\t\t\t\t\t<h2 class=\"elementor-heading-title elementor-size-default\">Quem pode utilizar?<\/h2>\t\t\t\t<\/div>\n\t\t\t\t<\/div>\n\t\t\t\t<div class=\"elementor-element elementor-element-14c7cc4a elementor-drop-cap-yes elementor-drop-cap-view-default elementor-widget elementor-widget-text-editor\" data-id=\"14c7cc4a\" data-element_type=\"widget\" data-e-type=\"widget\" data-settings=\"{&quot;drop_cap&quot;:&quot;yes&quot;}\" data-widget_type=\"text-editor.default\">\n\t\t\t\t<div class=\"elementor-widget-container\">\n\t\t\t\t\t\t\t\t\t<p><strong>\u2022 Entidades e organiza\u00e7\u00f5es da sociedade civil,<\/strong> sem fins lucrativos, para a realiza\u00e7\u00e3o exclusiva de:<\/p><p style=\"padding-left: 80px;\">a) congressos;<br \/>b) semin\u00e1rios;<br \/>c) jornadas;<br \/>d) simp\u00f3sios;<br \/>e) cursos;<br \/>f) palestras;<br \/>g) confer\u00eancias;<br \/>h) solenidades;<br \/>i) reuni\u00f5es;<br \/>j) espet\u00e1culos art\u00edstico-culturais;<\/p><p><strong>\u2022 <\/strong>Entidades e \u00f3rg\u00e3os da<strong> administra\u00e7\u00e3o p\u00fablica <\/strong>direta e indireta;<\/p><p><strong>\u2022 Partidos pol\u00edticos <\/strong>regularmente registrados na Justi\u00e7a Eleitoral, para a realiza\u00e7\u00e3o <strong>exclusiva<\/strong> de<br \/>conven\u00e7\u00f5es partid\u00e1rias.<\/p><p><strong>\u2022 <\/strong>Para <strong>vel\u00f3rio de Prefeito, Vice-Prefeito e Vereador<\/strong> que tenham exercido cargo no munic\u00edpio.<\/p>\t\t\t\t\t\t\t\t<\/div>\n\t\t\t\t<\/div>\n\t\t\t\t\t<\/div>\n\t\t<\/div>\n\t\t\t\t\t<\/div>\n\t\t<\/section>\n\t\t\t\t<section class=\"elementor-section elementor-top-section elementor-element elementor-element-2acbbb4a elementor-section-boxed elementor-section-height-default elementor-section-height-default\" data-id=\"2acbbb4a\" data-element_type=\"section\" data-e-type=\"section\">\n\t\t\t\t\t\t<div class=\"elementor-container elementor-column-gap-default\">\n\t\t\t\t\t<div class=\"elementor-column elementor-col-100 elementor-top-column elementor-element elementor-element-1c255391\" data-id=\"1c255391\" data-element_type=\"column\" data-e-type=\"column\">\n\t\t\t<div class=\"elementor-widget-wrap elementor-element-populated\">\n\t\t\t\t\t\t<div class=\"elementor-element elementor-element-a6fe592 elementor-widget elementor-widget-spacer\" data-id=\"a6fe592\" data-element_type=\"widget\" data-e-type=\"widget\" data-widget_type=\"spacer.default\">\n\t\t\t\t<div class=\"elementor-widget-container\">\n\t\t\t\t\t\t\t<div class=\"elementor-spacer\">\n\t\t\t<div class=\"elementor-spacer-inner\"><\/div>\n\t\t<\/div>\n\t\t\t\t\t\t<\/div>\n\t\t\t\t<\/div>\n\t\t\t\t<div class=\"elementor-element elementor-element-2b84e258 elementor-widget elementor-widget-heading\" data-id=\"2b84e258\" data-element_type=\"widget\" data-e-type=\"widget\" data-widget_type=\"heading.default\">\n\t\t\t\t<div class=\"elementor-widget-container\">\n\t\t\t\t\t<h2 class=\"elementor-heading-title elementor-size-default\">Quais as responsabilidades do usu\u00e1rio?<\/h2>\t\t\t\t<\/div>\n\t\t\t\t<\/div>\n\t\t\t\t<div class=\"elementor-element elementor-element-a1cf918 elementor-widget elementor-widget-text-editor\" data-id=\"a1cf918\" data-element_type=\"widget\" data-e-type=\"widget\" data-widget_type=\"text-editor.default\">\n\t\t\t\t<div class=\"elementor-widget-container\">\n\t\t\t\t\t\t\t\t\t<p>S\u00e3o <strong>responsabilidades do usu\u00e1rio<\/strong> a quem foi aprovada a requisi\u00e7\u00e3o de uso do plen\u00e1rio:<\/p><p style=\"padding-left: 80px;\">\u2022 Responsabilidade sobre qualquer <strong>dano ocorrido<\/strong> nas depend\u00eancias do espa\u00e7o, inclusive pelo <strong>ressarcimento<\/strong> por eventuais danos materiais e pessoais que venham a ocorrer durante ou em decorr\u00eancia do uso do espa\u00e7o.<br \/>\u2022 <strong>Manuten\u00e7\u00e3o da limpeza<\/strong> do Plen\u00e1rio ao t\u00e9rmino da sua<br \/>utiliza\u00e7\u00e3o.<br \/>\u2022 Respeitar a capacidade de lota\u00e7\u00e3o.<br \/>\u2022 N\u00e3o <strong>afixar cartazes ou fazer perfura\u00e7\u00f5es nas paredes<\/strong>, bem como altera\u00e7\u00f5es das galerias existentes.<br \/>\u2022 <strong>Encerrar<\/strong> o evento at\u00e9 \u00e0s <strong>17 horas<\/strong>.<br \/>\u2022 <strong>N\u00e3o permitir<\/strong> o uso de fum\u00edgeros, consumo de bebidas alco\u00f3licas e pr\u00e1tica de atos il\u00edcitos.<br \/>\u2022 <strong>N\u00e3o realizar:<\/strong> solenidades de formaturas escolares, cola\u00e7\u00e3o de grau, atividades religiosas, atividades com fins lucrativos, promo\u00e7\u00e3o pessoal ou atividades vedadas em lei.<\/p>\t\t\t\t\t\t\t\t<\/div>\n\t\t\t\t<\/div>\n\t\t\t\t\t<\/div>\n\t\t<\/div>\n\t\t\t\t\t<\/div>\n\t\t<\/section>\n\t\t\t\t<section class=\"elementor-section elementor-top-section elementor-element elementor-element-6ecce71c elementor-section-boxed elementor-section-height-default elementor-section-height-default\" data-id=\"6ecce71c\" data-element_type=\"section\" data-e-type=\"section\">\n\t\t\t\t\t\t<div class=\"elementor-container elementor-column-gap-default\">\n\t\t\t\t\t<div class=\"elementor-column elementor-col-100 elementor-top-column elementor-element elementor-element-3a174ecf\" data-id=\"3a174ecf\" data-element_type=\"column\" data-e-type=\"column\">\n\t\t\t<div class=\"elementor-widget-wrap elementor-element-populated\">\n\t\t\t\t\t\t<div class=\"elementor-element elementor-element-c1d81ce elementor-widget elementor-widget-spacer\" data-id=\"c1d81ce\" data-element_type=\"widget\" data-e-type=\"widget\" data-widget_type=\"spacer.default\">\n\t\t\t\t<div class=\"elementor-widget-container\">\n\t\t\t\t\t\t\t<div class=\"elementor-spacer\">\n\t\t\t<div class=\"elementor-spacer-inner\"><\/div>\n\t\t<\/div>\n\t\t\t\t\t\t<\/div>\n\t\t\t\t<\/div>\n\t\t\t\t<div class=\"elementor-element elementor-element-47bd30cb elementor-widget elementor-widget-heading\" data-id=\"47bd30cb\" data-element_type=\"widget\" data-e-type=\"widget\" data-widget_type=\"heading.default\">\n\t\t\t\t<div class=\"elementor-widget-container\">\n\t\t\t\t\t<h2 class=\"elementor-heading-title elementor-size-default\">Como requisitar?<\/h2>\t\t\t\t<\/div>\n\t\t\t\t<\/div>\n\t\t\t\t<div class=\"elementor-element elementor-element-39e707af elementor-widget elementor-widget-text-editor\" data-id=\"39e707af\" data-element_type=\"widget\" data-e-type=\"widget\" data-widget_type=\"text-editor.default\">\n\t\t\t\t<div class=\"elementor-widget-container\">\n\t\t\t\t\t\t\t\t\t<p>A utiliza\u00e7\u00e3o do Plen\u00e1rio depender\u00e1 de pr\u00e9via autoriza\u00e7\u00e3o da Presid\u00eancia e dever\u00e1 ser solicitada por meio do formul\u00e1rio de requerimento de uso, o qual dever\u00e1 ser protocolado pelo requerente junto \u00e0 Secretaria Administrativa, com <strong>anteced\u00eancia m\u00ednima de 03 dias \u00fateis<\/strong> em rela\u00e7\u00e3o \u00e0 data do evento.<\/p><p>A cess\u00e3o do Plen\u00e1rio estar\u00e1 <strong>sujeita \u00e0 an\u00e1lise da finalidade do uso e da disponibilidade de agenda e de servidores<\/strong> da C\u00e2mara Municipal.<\/p><p>A utiliza\u00e7\u00e3o do espa\u00e7o para atividades da C\u00e2mara Municipal tem prefer\u00eancia em rela\u00e7\u00e3o \u00e0 utiliza\u00e7\u00e3o por terceiros, mesmo que previamente autorizadas.<\/p>\t\t\t\t\t\t\t\t<\/div>\n\t\t\t\t<\/div>\n\t\t\t\t<div class=\"elementor-element elementor-element-fe50af5 elementor-align-center elementor-widget elementor-widget-button\" data-id=\"fe50af5\" data-element_type=\"widget\" data-e-type=\"widget\" data-widget_type=\"button.default\">\n\t\t\t\t<div class=\"elementor-widget-container\">\n\t\t\t\t\t\t\t\t\t<div class=\"elementor-button-wrapper\">\n\t\t\t\t\t<a class=\"elementor-button elementor-button-link elementor-size-sm\" href=\"https:\/\/camarameridiano.sp.gov.br\/site\/uso-plenario\/solicitacao\">\n\t\t\t\t\t\t<span class=\"elementor-button-content-wrapper\">\n\t\t\t\t\t\t\t\t\t<span class=\"elementor-button-text\">Clique aqui e preencha o formul\u00e1rio de solicita\u00e7\u00e3o<\/span>\n\t\t\t\t\t<\/span>\n\t\t\t\t\t<\/a>\n\t\t\t\t<\/div>\n\t\t\t\t\t\t\t\t<\/div>\n\t\t\t\t<\/div>\n\t\t\t\t\t<\/div>\n\t\t<\/div>\n\t\t\t\t\t<\/div>\n\t\t<\/section>\n\t\t\t\t<\/div>\n\t\t","protected":false},"excerpt":{"rendered":"<p>O uso p\u00fablico dos espa\u00e7os da C\u00e2mara Municipal de Meridiano foram estabelecidos pela Resolu\u00e7\u00e3o n\u00ba 3, de 21 de maio de 2024. Quem pode utilizar? \u2022 Entidades e organiza\u00e7\u00f5es da sociedade civil, sem fins lucrativos, para a realiza\u00e7\u00e3o exclusiva de: a) congressos;b) semin\u00e1rios;c) jornadas;d) simp\u00f3sios;e) cursos;f) palestras;g) confer\u00eancias;h) solenidades;i) reuni\u00f5es;j) espet\u00e1culos art\u00edstico-culturais; \u2022 Entidades e [&hellip;]<\/p>\n","protected":false},"author":1,"featured_media":0,"parent":0,"menu_order":0,"comment_status":"closed","ping_status":"closed","template":"","meta":{"om_disable_all_campaigns":false,"_monsterinsights_skip_tracking":false,"_monsterinsights_sitenote_active":false,"_monsterinsights_sitenote_note":"","_monsterinsights_sitenote_category":0,"footnotes":""},"class_list":["post-10415","page","type-page","status-publish","hentry"],"blocksy_meta":[],"aioseo_notices":[],"_links":{"self":[{"href":"https:\/\/camarameridiano.sp.gov.br\/site\/wp-json\/wp\/v2\/pages\/10415","targetHints":{"allow":["GET"]}}],"collection":[{"href":"https:\/\/camarameridiano.sp.gov.br\/site\/wp-json\/wp\/v2\/pages"}],"about":[{"href":"https:\/\/camarameridiano.sp.gov.br\/site\/wp-json\/wp\/v2\/types\/page"}],"author":[{"embeddable":true,"href":"https:\/\/camarameridiano.sp.gov.br\/site\/wp-json\/wp\/v2\/users\/1"}],"replies":[{"embeddable":true,"href":"https:\/\/camarameridiano.sp.gov.br\/site\/wp-json\/wp\/v2\/comments?post=10415"}],"version-history":[{"count":16,"href":"https:\/\/camarameridiano.sp.gov.br\/site\/wp-json\/wp\/v2\/pages\/10415\/revisions"}],"predecessor-version":[{"id":11643,"href":"https:\/\/camarameridiano.sp.gov.br\/site\/wp-json\/wp\/v2\/pages\/10415\/revisions\/11643"}],"wp:attachment":[{"href":"https:\/\/camarameridiano.sp.gov.br\/site\/wp-json\/wp\/v2\/media?parent=10415"}],"curies":[{"name":"wp","href":"https:\/\/api.w.org\/{rel}","templated":true}]}}