{"id":10309,"date":"2024-05-13T13:42:19","date_gmt":"2024-05-13T16:42:19","guid":{"rendered":"https:\/\/camarameridiano.sp.gov.br\/site\/?page_id=10309"},"modified":"2024-07-10T14:46:07","modified_gmt":"2024-07-10T17:46:07","slug":"telefones-uteis","status":"publish","type":"page","link":"https:\/\/camarameridiano.sp.gov.br\/site\/telefones-uteis\/","title":{"rendered":"Telefones \u00dateis"},"content":{"rendered":"\t\t<div data-elementor-type=\"wp-page\" data-elementor-id=\"10309\" class=\"elementor elementor-10309\" data-elementor-post-type=\"page\">\n\t\t\t\t\t\t<section class=\"elementor-section elementor-top-section elementor-element elementor-element-1c709d1 elementor-section-boxed elementor-section-height-default elementor-section-height-default\" data-id=\"1c709d1\" data-element_type=\"section\" data-e-type=\"section\">\n\t\t\t\t\t\t<div class=\"elementor-container elementor-column-gap-default\">\n\t\t\t\t\t<div class=\"elementor-column elementor-col-100 elementor-top-column elementor-element elementor-element-37885f3\" data-id=\"37885f3\" data-element_type=\"column\" data-e-type=\"column\">\n\t\t\t<div class=\"elementor-widget-wrap elementor-element-populated\">\n\t\t\t\t\t\t<div class=\"elementor-element elementor-element-fa2fff6 elementor-widget elementor-widget-heading\" data-id=\"fa2fff6\" data-element_type=\"widget\" data-e-type=\"widget\" data-widget_type=\"heading.default\">\n\t\t\t\t<div class=\"elementor-widget-container\">\n\t\t\t\t\t<h5 class=\"elementor-heading-title elementor-size-default\">\u00d3rg\u00e3os p\u00fablicos no munic\u00edpio de Meridiano<\/h5>\t\t\t\t<\/div>\n\t\t\t\t<\/div>\n\t\t\t\t\t<\/div>\n\t\t<\/div>\n\t\t\t\t\t<\/div>\n\t\t<\/section>\n\t\t\t\t<section class=\"elementor-section elementor-top-section elementor-element elementor-element-e3eb6f9 elementor-section-boxed elementor-section-height-default elementor-section-height-default\" data-id=\"e3eb6f9\" data-element_type=\"section\" data-e-type=\"section\">\n\t\t\t\t\t\t<div class=\"elementor-container elementor-column-gap-default\">\n\t\t\t\t\t<div class=\"elementor-column elementor-col-100 elementor-top-column elementor-element elementor-element-2029f01\" data-id=\"2029f01\" data-element_type=\"column\" data-e-type=\"column\">\n\t\t\t<div class=\"elementor-widget-wrap elementor-element-populated\">\n\t\t\t\t\t\t<div class=\"elementor-element elementor-element-f3c5443 elementor-widget elementor-widget-heading\" data-id=\"f3c5443\" data-element_type=\"widget\" data-e-type=\"widget\" data-widget_type=\"heading.default\">\n\t\t\t\t<div class=\"elementor-widget-container\">\n\t\t\t\t\t<h2 class=\"elementor-heading-title elementor-size-default\">Servi\u00e7os Municipais<\/h2>\t\t\t\t<\/div>\n\t\t\t\t<\/div>\n\t\t\t\t<div class=\"elementor-element elementor-element-6ed4ae1 elementor-widget elementor-widget-text-editor\" data-id=\"6ed4ae1\" data-element_type=\"widget\" data-e-type=\"widget\" data-widget_type=\"text-editor.default\">\n\t\t\t\t<div class=\"elementor-widget-container\">\n\t\t\t\t\t\t\t\t\t<strong>\u2022 Prefeitura Municipal &#8211;<\/strong> <a href=\"tel:\/\/01734751116\">(17) 3475-1116<\/a><\/br>\n<strong>\u2022 Almoxarifado Municipal &#8211;<\/strong> <a href=\"tel:\/\/01734751124\">(17) 3475-1124<\/a><\/br>\n<strong>\u2022 Conselho Tutelar &#8211; Sede<\/strong> &#8211; <a href=\"tel:\/\/017996569955\">(17) 99656-9955<\/a><\/br>\n<strong>\u2022 Conselho Tutelar &#8211; Plant\u00e3o 24h<\/strong> &#8211; <a href=\"tel:\/\/017996694323\">(17) 99669-4323<\/a><\/br>\n<strong>\u2022 EMEF Professora Paula Zangrando &#8211;<\/strong> <a href=\"tel:\/\/01734751142\">(17) 3475-1142<\/a><\/br>\n<strong>\u2022 EMEI Dolores Maria Torrente &#8211;<\/strong> <a href=\"tel:\/\/01734751168\">(17) 3475-1168<\/a><\/br>\n<strong>\u2022 ESF &#8211; Estrat\u00e9gia de Sa\u00fade da Fam\u00edlia &#8211;<\/strong> <a href=\"tel:\/\/01734751224\">(17) 3475-1224<\/a><\/br>\n<strong>\u2022 Ganha Tempo Meridiano &#8211;<\/strong> <a href=\"tel:\/\/017996670154\">(17) 99667-0154<\/a><\/br>\n<strong>\u2022 Secretaria Municipal de Assist\u00eancia Social &#8211;<\/strong> <a href=\"tel:\/\/01738757112\">(17) 3845-7112<\/a><\/br>\n<strong>\u2022 Secretaria Municipal de Educa\u00e7\u00e3o &#8211;<\/strong> <a href=\"tel:\/\/01734751168\">(17) 3475-1168<\/a><\/br>\n<strong>\u2022 Secretaria Municipal de Sa\u00fade &#8211;<\/strong> <a href=\"tel:\/\/01734751144\">(17) 3475-1144<\/a><\/br>\n<strong>\u2022 UBS &#8211; Unidade B\u00e1sica de Sa\u00fade &#8211;<\/strong> <a href=\"tel:\/\/01734751224\">(17) 3475-1224<\/a><\/br>\t\t\t\t\t\t\t\t<\/div>\n\t\t\t\t<\/div>\n\t\t\t\t\t<\/div>\n\t\t<\/div>\n\t\t\t\t\t<\/div>\n\t\t<\/section>\n\t\t\t\t<section class=\"elementor-section elementor-top-section elementor-element elementor-element-7bd0c93 elementor-section-boxed elementor-section-height-default elementor-section-height-default\" data-id=\"7bd0c93\" data-element_type=\"section\" data-e-type=\"section\">\n\t\t\t\t\t\t<div class=\"elementor-container elementor-column-gap-default\">\n\t\t\t\t\t<div class=\"elementor-column elementor-col-100 elementor-top-column elementor-element elementor-element-c2b4459\" data-id=\"c2b4459\" data-element_type=\"column\" data-e-type=\"column\">\n\t\t\t<div class=\"elementor-widget-wrap elementor-element-populated\">\n\t\t\t\t\t\t<div class=\"elementor-element elementor-element-fed5bc4 elementor-widget elementor-widget-heading\" data-id=\"fed5bc4\" data-element_type=\"widget\" data-e-type=\"widget\" data-widget_type=\"heading.default\">\n\t\t\t\t<div class=\"elementor-widget-container\">\n\t\t\t\t\t<h2 class=\"elementor-heading-title elementor-size-default\">Servi\u00e7os Estaduais<\/h2>\t\t\t\t<\/div>\n\t\t\t\t<\/div>\n\t\t\t\t<div class=\"elementor-element elementor-element-1b8db0c elementor-widget elementor-widget-text-editor\" data-id=\"1b8db0c\" data-element_type=\"widget\" data-e-type=\"widget\" data-widget_type=\"text-editor.default\">\n\t\t\t\t<div class=\"elementor-widget-container\">\n\t\t\t\t\t\t\t\t\t<p><strong>\u2022 Casa da Agricultura &#8211;<\/strong> <a href=\"tel:\/\/01734751140\">(17) 3475-1140<\/a><\/br>\n<strong>\u2022 Delegacia de Pol\u00edcia &#8211;<\/strong> <a href=\"tel:\/\/01734751155\">(17) 3475-1155<\/a><\/br>\n<strong>\u2022 EE Donato Marcelo Balbo &#8211;<\/strong> <a href=\"tel:\/\/01734751139\">(17) 3475-1139<\/a><\/br>\n<strong>\u2022 Grupamento Pol\u00edcia Militar &#8211;<\/strong> <a href=\"tel:\/\/01734751104\">(17) 3475-1104<\/a><\/p>\t\t\t\t\t\t\t\t<\/div>\n\t\t\t\t<\/div>\n\t\t\t\t\t<\/div>\n\t\t<\/div>\n\t\t\t\t\t<\/div>\n\t\t<\/section>\n\t\t\t\t<section class=\"elementor-section elementor-top-section elementor-element elementor-element-059e61e elementor-section-boxed elementor-section-height-default elementor-section-height-default\" data-id=\"059e61e\" data-element_type=\"section\" data-e-type=\"section\">\n\t\t\t\t\t\t<div class=\"elementor-container elementor-column-gap-default\">\n\t\t\t\t\t<div class=\"elementor-column elementor-col-100 elementor-top-column elementor-element elementor-element-b09dd03\" data-id=\"b09dd03\" data-element_type=\"column\" data-e-type=\"column\">\n\t\t\t<div class=\"elementor-widget-wrap elementor-element-populated\">\n\t\t\t\t\t\t<div class=\"elementor-element elementor-element-b4a75c0 elementor-widget elementor-widget-heading\" data-id=\"b4a75c0\" data-element_type=\"widget\" data-e-type=\"widget\" data-widget_type=\"heading.default\">\n\t\t\t\t<div class=\"elementor-widget-container\">\n\t\t\t\t\t<h2 class=\"elementor-heading-title elementor-size-default\">Servi\u00e7os Federais<\/h2>\t\t\t\t<\/div>\n\t\t\t\t<\/div>\n\t\t\t\t<div class=\"elementor-element elementor-element-4a19a89 elementor-widget elementor-widget-text-editor\" data-id=\"4a19a89\" data-element_type=\"widget\" data-e-type=\"widget\" data-widget_type=\"text-editor.default\">\n\t\t\t\t<div class=\"elementor-widget-container\">\n\t\t\t\t\t\t\t\t\t<p><strong>\u2022 Ag\u00eancia dos Correios &#8211;<\/strong> <a href=\"tel:\/\/01734751124\">(17) 3475-1197<\/a><\/p>\t\t\t\t\t\t\t\t<\/div>\n\t\t\t\t<\/div>\n\t\t\t\t\t<\/div>\n\t\t<\/div>\n\t\t\t\t\t<\/div>\n\t\t<\/section>\n\t\t\t\t<\/div>\n\t\t","protected":false},"excerpt":{"rendered":"<p>\u00d3rg\u00e3os p\u00fablicos no munic\u00edpio de Meridiano Servi\u00e7os Municipais \u2022 Prefeitura Municipal &#8211; (17) 3475-1116 \u2022 Almoxarifado Municipal &#8211; (17) 3475-1124 \u2022 Conselho Tutelar &#8211; Sede &#8211; (17) 99656-9955 \u2022 Conselho Tutelar &#8211; Plant\u00e3o 24h &#8211; (17) 99669-4323 \u2022 EMEF Professora Paula Zangrando &#8211; (17) 3475-1142 \u2022 EMEI Dolores Maria Torrente &#8211; (17) 3475-1168 \u2022 ESF [&hellip;]<\/p>\n","protected":false},"author":1,"featured_media":0,"parent":0,"menu_order":0,"comment_status":"closed","ping_status":"closed","template":"","meta":{"om_disable_all_campaigns":false,"_monsterinsights_skip_tracking":false,"_monsterinsights_sitenote_active":false,"_monsterinsights_sitenote_note":"","_monsterinsights_sitenote_category":0,"footnotes":""},"class_list":["post-10309","page","type-page","status-publish","hentry"],"blocksy_meta":[],"aioseo_notices":[],"_links":{"self":[{"href":"https:\/\/camarameridiano.sp.gov.br\/site\/wp-json\/wp\/v2\/pages\/10309","targetHints":{"allow":["GET"]}}],"collection":[{"href":"https:\/\/camarameridiano.sp.gov.br\/site\/wp-json\/wp\/v2\/pages"}],"about":[{"href":"https:\/\/camarameridiano.sp.gov.br\/site\/wp-json\/wp\/v2\/types\/page"}],"author":[{"embeddable":true,"href":"https:\/\/camarameridiano.sp.gov.br\/site\/wp-json\/wp\/v2\/users\/1"}],"replies":[{"embeddable":true,"href":"https:\/\/camarameridiano.sp.gov.br\/site\/wp-json\/wp\/v2\/comments?post=10309"}],"version-history":[{"count":14,"href":"https:\/\/camarameridiano.sp.gov.br\/site\/wp-json\/wp\/v2\/pages\/10309\/revisions"}],"predecessor-version":[{"id":11488,"href":"https:\/\/camarameridiano.sp.gov.br\/site\/wp-json\/wp\/v2\/pages\/10309\/revisions\/11488"}],"wp:attachment":[{"href":"https:\/\/camarameridiano.sp.gov.br\/site\/wp-json\/wp\/v2\/media?parent=10309"}],"curies":[{"name":"wp","href":"https:\/\/api.w.org\/{rel}","templated":true}]}}